{"id":8816,"date":"2022-05-22T20:48:05","date_gmt":"2022-05-22T18:48:05","guid":{"rendered":"https:\/\/raglan.pl\/?post_type=product&#038;p=8816"},"modified":"2023-11-20T18:15:53","modified_gmt":"2023-11-20T17:15:53","slug":"la-confettura-di-more-di-bosco-220g","status":"publish","type":"product","link":"https:\/\/raglan.pl\/it\/prodotto\/la-confettura-di-more-di-bosco-220g\/","title":{"rendered":"La confettura di more di bosco 220g"},"content":{"rendered":"","protected":false},"excerpt":{"rendered":"<p>La confettura di more di bosco Raglan, realizzata con metodo tradizionale, \u00e8 una confettura a basso contenuto di zuccheri. La marmellata di more \u00e8 un&#8217;aggiunta perfetta a colazioni, pancake o fiocchi d&#8217;avena. Ha un sapore delicato e asciutto con un finale dolce.<\/p>\n<p>La confettura di more di bosco viene preparata secondo il tradizionale metodo lento. Preparato in piccoli lotti per trattenere fibre e frutta intera. Le more di bosco sono frutti selvatici di origine naturale. La marmellata non contiene coloranti o conservanti artificiali<\/p>\n","protected":false},"featured_media":8944,"comment_status":"open","ping_status":"closed","template":"","meta":[],"product_cat":[232,217],"product_tag":[],"acf":[],"yoast_head":"<!-- This site is optimized with the Yoast SEO plugin v21.7 - https:\/\/yoast.com\/wordpress\/plugins\/seo\/ -->\n<title>La confettura di more di bosco 220g - Raglan Miele Biologico Crudo<\/title>\n<meta name=\"description\" content=\"Raglan Miele Biologico Crudo - Odkryj zdrowie i smak zamkni\u0119ty w s\u0142oiczkach. Spr\u00f3buj natury w wersji 400g, 500g i a\u017c 950g. Zasmakuj si\u0119 w miodach 100% z Polski.\" \/>\n<meta name=\"robots\" content=\"index, follow, max-snippet:-1, max-image-preview:large, max-video-preview:-1\" \/>\n<link rel=\"canonical\" href=\"https:\/\/raglan.pl\/it\/prodotto\/la-confettura-di-more-di-bosco-220g\/\" \/>\n<meta property=\"og:locale\" content=\"it_IT\" \/>\n<meta property=\"og:type\" content=\"article\" \/>\n<meta property=\"og:title\" content=\"La confettura di more di bosco 220g - Raglan Miele Biologico Crudo\" \/>\n<meta property=\"og:description\" content=\"Raglan Miele Biologico Crudo - Odkryj zdrowie i smak zamkni\u0119ty w s\u0142oiczkach. Spr\u00f3buj natury w wersji 400g, 500g i a\u017c 950g. Zasmakuj si\u0119 w miodach 100% z Polski.\" \/>\n<meta property=\"og:url\" content=\"https:\/\/raglan.pl\/it\/prodotto\/la-confettura-di-more-di-bosco-220g\/\" \/>\n<meta property=\"og:site_name\" content=\"Raglan Miele Biologico Crudo\" \/>\n<meta property=\"article:publisher\" content=\"https:\/\/www.facebook.com\/raglanmiodypolskie\/\" \/>\n<meta property=\"article:modified_time\" content=\"2023-11-20T17:15:53+00:00\" \/>\n<meta property=\"og:image\" content=\"https:\/\/raglan.pl\/wp-content\/uploads\/2022\/05\/1-1.jpg\" \/>\n\t<meta property=\"og:image:width\" content=\"1000\" \/>\n\t<meta property=\"og:image:height\" content=\"1000\" \/>\n\t<meta property=\"og:image:type\" content=\"image\/jpeg\" \/>\n<meta name=\"twitter:card\" content=\"summary_large_image\" \/>\n<script type=\"application\/ld+json\" class=\"yoast-schema-graph\">{\"@context\":\"https:\/\/schema.org\",\"@graph\":[{\"@type\":\"WebPage\",\"@id\":\"https:\/\/raglan.pl\/it\/prodotto\/la-confettura-di-more-di-bosco-220g\/\",\"url\":\"https:\/\/raglan.pl\/it\/prodotto\/la-confettura-di-more-di-bosco-220g\/\",\"name\":\"La confettura di more di bosco 220g - Raglan Miele Biologico Crudo\",\"isPartOf\":{\"@id\":\"https:\/\/raglan.pl\/#website\"},\"datePublished\":\"2022-05-22T18:48:05+00:00\",\"dateModified\":\"2023-11-20T17:15:53+00:00\",\"description\":\"Raglan Miele Biologico Crudo - Odkryj zdrowie i smak zamkni\u0119ty w s\u0142oiczkach. Spr\u00f3buj natury w wersji 400g, 500g i a\u017c 950g. Zasmakuj si\u0119 w miodach 100% z Polski.\",\"breadcrumb\":{\"@id\":\"https:\/\/raglan.pl\/it\/prodotto\/la-confettura-di-more-di-bosco-220g\/#breadcrumb\"},\"inLanguage\":\"it-IT\",\"potentialAction\":[{\"@type\":\"ReadAction\",\"target\":[\"https:\/\/raglan.pl\/it\/prodotto\/la-confettura-di-more-di-bosco-220g\/\"]}]},{\"@type\":\"BreadcrumbList\",\"@id\":\"https:\/\/raglan.pl\/it\/prodotto\/la-confettura-di-more-di-bosco-220g\/#breadcrumb\",\"itemListElement\":[{\"@type\":\"ListItem\",\"position\":1,\"name\":\"Strona g\u0142\u00f3wna\",\"item\":\"https:\/\/raglan.pl\/it\/\"},{\"@type\":\"ListItem\",\"position\":2,\"name\":\"Negozio\",\"item\":\"https:\/\/raglan.pl\/sklep\/\"},{\"@type\":\"ListItem\",\"position\":3,\"name\":\"La confettura di more di bosco 220g\"}]},{\"@type\":\"WebSite\",\"@id\":\"https:\/\/raglan.pl\/#website\",\"url\":\"https:\/\/raglan.pl\/\",\"name\":\"Raglan Raw Organic Honey\",\"description\":\"\",\"publisher\":{\"@id\":\"https:\/\/raglan.pl\/#organization\"},\"potentialAction\":[{\"@type\":\"SearchAction\",\"target\":{\"@type\":\"EntryPoint\",\"urlTemplate\":\"https:\/\/raglan.pl\/?s={search_term_string}\"},\"query-input\":\"required name=search_term_string\"}],\"inLanguage\":\"it-IT\"},{\"@type\":\"Organization\",\"@id\":\"https:\/\/raglan.pl\/#organization\",\"name\":\"Raglan\",\"url\":\"https:\/\/raglan.pl\/\",\"logo\":{\"@type\":\"ImageObject\",\"inLanguage\":\"it-IT\",\"@id\":\"https:\/\/raglan.pl\/#\/schema\/logo\/image\/\",\"url\":\"https:\/\/raglan.pl\/wp-content\/uploads\/2021\/02\/raglan.png\",\"contentUrl\":\"https:\/\/raglan.pl\/wp-content\/uploads\/2021\/02\/raglan.png\",\"width\":135,\"height\":200,\"caption\":\"Raglan\"},\"image\":{\"@id\":\"https:\/\/raglan.pl\/#\/schema\/logo\/image\/\"},\"sameAs\":[\"https:\/\/www.facebook.com\/raglanmiodypolskie\/\",\"https:\/\/www.instagram.com\/raglanmiodypolskie\"]}]}<\/script>\n<!-- \/ Yoast SEO plugin. -->","yoast_head_json":{"title":"La confettura di more di bosco 220g - Raglan Miele Biologico Crudo","description":"Raglan Miele Biologico Crudo - Odkryj zdrowie i smak zamkni\u0119ty w s\u0142oiczkach. Spr\u00f3buj natury w wersji 400g, 500g i a\u017c 950g. Zasmakuj si\u0119 w miodach 100% z Polski.","robots":{"index":"index","follow":"follow","max-snippet":"max-snippet:-1","max-image-preview":"max-image-preview:large","max-video-preview":"max-video-preview:-1"},"canonical":"https:\/\/raglan.pl\/it\/prodotto\/la-confettura-di-more-di-bosco-220g\/","og_locale":"it_IT","og_type":"article","og_title":"La confettura di more di bosco 220g - Raglan Miele Biologico Crudo","og_description":"Raglan Miele Biologico Crudo - Odkryj zdrowie i smak zamkni\u0119ty w s\u0142oiczkach. Spr\u00f3buj natury w wersji 400g, 500g i a\u017c 950g. Zasmakuj si\u0119 w miodach 100% z Polski.","og_url":"https:\/\/raglan.pl\/it\/prodotto\/la-confettura-di-more-di-bosco-220g\/","og_site_name":"Raglan Miele Biologico Crudo","article_publisher":"https:\/\/www.facebook.com\/raglanmiodypolskie\/","article_modified_time":"2023-11-20T17:15:53+00:00","og_image":[{"width":1000,"height":1000,"url":"https:\/\/raglan.pl\/wp-content\/uploads\/2022\/05\/1-1.jpg","type":"image\/jpeg"}],"twitter_card":"summary_large_image","schema":{"@context":"https:\/\/schema.org","@graph":[{"@type":"WebPage","@id":"https:\/\/raglan.pl\/it\/prodotto\/la-confettura-di-more-di-bosco-220g\/","url":"https:\/\/raglan.pl\/it\/prodotto\/la-confettura-di-more-di-bosco-220g\/","name":"La confettura di more di bosco 220g - Raglan Miele Biologico Crudo","isPartOf":{"@id":"https:\/\/raglan.pl\/#website"},"datePublished":"2022-05-22T18:48:05+00:00","dateModified":"2023-11-20T17:15:53+00:00","description":"Raglan Miele Biologico Crudo - Odkryj zdrowie i smak zamkni\u0119ty w s\u0142oiczkach. Spr\u00f3buj natury w wersji 400g, 500g i a\u017c 950g. Zasmakuj si\u0119 w miodach 100% z Polski.","breadcrumb":{"@id":"https:\/\/raglan.pl\/it\/prodotto\/la-confettura-di-more-di-bosco-220g\/#breadcrumb"},"inLanguage":"it-IT","potentialAction":[{"@type":"ReadAction","target":["https:\/\/raglan.pl\/it\/prodotto\/la-confettura-di-more-di-bosco-220g\/"]}]},{"@type":"BreadcrumbList","@id":"https:\/\/raglan.pl\/it\/prodotto\/la-confettura-di-more-di-bosco-220g\/#breadcrumb","itemListElement":[{"@type":"ListItem","position":1,"name":"Strona g\u0142\u00f3wna","item":"https:\/\/raglan.pl\/it\/"},{"@type":"ListItem","position":2,"name":"Negozio","item":"https:\/\/raglan.pl\/sklep\/"},{"@type":"ListItem","position":3,"name":"La confettura di more di bosco 220g"}]},{"@type":"WebSite","@id":"https:\/\/raglan.pl\/#website","url":"https:\/\/raglan.pl\/","name":"Raglan Raw Organic Honey","description":"","publisher":{"@id":"https:\/\/raglan.pl\/#organization"},"potentialAction":[{"@type":"SearchAction","target":{"@type":"EntryPoint","urlTemplate":"https:\/\/raglan.pl\/?s={search_term_string}"},"query-input":"required name=search_term_string"}],"inLanguage":"it-IT"},{"@type":"Organization","@id":"https:\/\/raglan.pl\/#organization","name":"Raglan","url":"https:\/\/raglan.pl\/","logo":{"@type":"ImageObject","inLanguage":"it-IT","@id":"https:\/\/raglan.pl\/#\/schema\/logo\/image\/","url":"https:\/\/raglan.pl\/wp-content\/uploads\/2021\/02\/raglan.png","contentUrl":"https:\/\/raglan.pl\/wp-content\/uploads\/2021\/02\/raglan.png","width":135,"height":200,"caption":"Raglan"},"image":{"@id":"https:\/\/raglan.pl\/#\/schema\/logo\/image\/"},"sameAs":["https:\/\/www.facebook.com\/raglanmiodypolskie\/","https:\/\/www.instagram.com\/raglanmiodypolskie"]}]}},"_links":{"self":[{"href":"https:\/\/raglan.pl\/it\/wp-json\/wp\/v2\/product\/8816"}],"collection":[{"href":"https:\/\/raglan.pl\/it\/wp-json\/wp\/v2\/product"}],"about":[{"href":"https:\/\/raglan.pl\/it\/wp-json\/wp\/v2\/types\/product"}],"replies":[{"embeddable":true,"href":"https:\/\/raglan.pl\/it\/wp-json\/wp\/v2\/comments?post=8816"}],"wp:featuredmedia":[{"embeddable":true,"href":"https:\/\/raglan.pl\/it\/wp-json\/wp\/v2\/media\/8944"}],"wp:attachment":[{"href":"https:\/\/raglan.pl\/it\/wp-json\/wp\/v2\/media?parent=8816"}],"wp:term":[{"taxonomy":"product_cat","embeddable":true,"href":"https:\/\/raglan.pl\/it\/wp-json\/wp\/v2\/product_cat?post=8816"},{"taxonomy":"product_tag","embeddable":true,"href":"https:\/\/raglan.pl\/it\/wp-json\/wp\/v2\/product_tag?post=8816"}],"curies":[{"name":"wp","href":"https:\/\/api.w.org\/{rel}","templated":true}]}}