{"id":7910,"date":"2021-08-12T10:17:48","date_gmt":"2021-08-12T08:17:49","guid":{"rendered":"https:\/\/raglan.pl\/?post_type=product&#038;p=7910"},"modified":"2023-11-20T18:18:04","modified_gmt":"2023-11-20T17:18:04","slug":"aceto-di-lamponi-e-mele-250ml","status":"publish","type":"product","link":"https:\/\/raglan.pl\/it\/prodotto\/aceto-di-lamponi-e-mele-250ml\/","title":{"rendered":"Aceto di lamponi e mele 250ml"},"content":{"rendered":"","protected":false},"excerpt":{"rendered":"<p>La combinazione di lamponi e aceto di mele \u00e8 una fonte di valore nutritivo. \u00c8 uno dei prodotti pi\u00f9 digeribili contenenti composti bioattivi. Ha un sapore dolce e unico che \u00e8 pi\u00f9 sottile dell&#8217;aceto di mele e piacer\u00e0 sicuramente a una vasta gamma di assaggiatori.<\/p>\n<p><strong>Aceto di lamponi e mele \u2013 propriet\u00e0<\/strong><\/p>\n<p>L\u2019aceto di lamponi e mele \u00e8 ricco di vitamine e minerali benefici per la salute. \u00c8 ricco di vitamine del gruppo B, nonch\u00e9 di vitamine A, E e K. Ha un alto contenuto di vitamina C, che aiuta a rafforzare il sistema immunitario. L&#8217;aceto di lamponi contiene anche potassio, magnesio, ferro, calcio, fosforo, selenio e fluoro.<\/p>\n<p><strong>Aceto di lamponi e mele \u2013 applicazione<\/strong><\/p>\n<p>L&#8217;aceto di lamponi \u00e8 spesso usato in cucina. Funziona molto bene nelle marinate, nelle salse per carne e insalata. \u00c8 ideale per enfatizzare il gusto di piatti che, oltre al gusto saporito della mela, contengono un accento dolce e sottile di lampone.<\/p>\n<p><strong>Processo produttivo<\/strong><\/p>\n<p>L&#8217;aceto di lamponi e mele \u00e8 ottenuto da frutti interi, quindi contiene sostanze nutritive molto benefiche per la salute. Viene prodotto utilizzando una tecnica di fermentazione convenzionale in due fasi. Non ci sono conservanti, esaltatori di sapidit\u00e0 o coloranti nell&#8217;aceto. Deve la sua bella tonalit\u00e0 rosa ai lamponi. L&#8217;aceto inoltre non \u00e8 sottoposto ad alcuna filtrazione o pastorizzazione. Sul fondo della bottiglia possono formarsi sedimenti e biofilm naturale, ma si tratta di un processo del tutto naturale.<\/p>\n<p>&nbsp;<\/p>\n","protected":false},"featured_media":8118,"comment_status":"open","ping_status":"closed","template":"","meta":[],"product_cat":[231,217],"product_tag":[],"acf":[],"yoast_head":"<!-- This site is optimized with the Yoast SEO plugin v21.7 - https:\/\/yoast.com\/wordpress\/plugins\/seo\/ -->\n<title>Aceto di lamponi e mele 250ml - Raglan Miele Biologico Crudo<\/title>\n<meta name=\"description\" content=\"Raglan Miele Biologico Crudo - Odkryj zdrowie i smak zamkni\u0119ty w s\u0142oiczkach. Spr\u00f3buj natury w wersji 400g, 500g i a\u017c 950g. Zasmakuj si\u0119 w miodach 100% z Polski.\" \/>\n<meta name=\"robots\" content=\"index, follow, max-snippet:-1, max-image-preview:large, max-video-preview:-1\" \/>\n<link rel=\"canonical\" href=\"https:\/\/raglan.pl\/it\/prodotto\/aceto-di-lamponi-e-mele-250ml\/\" \/>\n<meta property=\"og:locale\" content=\"it_IT\" \/>\n<meta property=\"og:type\" content=\"article\" \/>\n<meta property=\"og:title\" content=\"Aceto di lamponi e mele 250ml - Raglan Miele Biologico Crudo\" \/>\n<meta property=\"og:description\" content=\"Raglan Miele Biologico Crudo - Odkryj zdrowie i smak zamkni\u0119ty w s\u0142oiczkach. Spr\u00f3buj natury w wersji 400g, 500g i a\u017c 950g. Zasmakuj si\u0119 w miodach 100% z Polski.\" \/>\n<meta property=\"og:url\" content=\"https:\/\/raglan.pl\/it\/prodotto\/aceto-di-lamponi-e-mele-250ml\/\" \/>\n<meta property=\"og:site_name\" content=\"Raglan Miele Biologico Crudo\" \/>\n<meta property=\"article:publisher\" content=\"https:\/\/www.facebook.com\/raglanmiodypolskie\/\" \/>\n<meta property=\"article:modified_time\" content=\"2023-11-20T17:18:04+00:00\" \/>\n<meta property=\"og:image\" content=\"https:\/\/raglan.pl\/wp-content\/uploads\/2021\/08\/untitled13.jpg\" \/>\n\t<meta property=\"og:image:width\" content=\"1100\" \/>\n\t<meta property=\"og:image:height\" content=\"1100\" \/>\n\t<meta property=\"og:image:type\" content=\"image\/jpeg\" \/>\n<meta name=\"twitter:card\" content=\"summary_large_image\" \/>\n<script type=\"application\/ld+json\" class=\"yoast-schema-graph\">{\"@context\":\"https:\/\/schema.org\",\"@graph\":[{\"@type\":\"WebPage\",\"@id\":\"https:\/\/raglan.pl\/it\/prodotto\/aceto-di-lamponi-e-mele-250ml\/\",\"url\":\"https:\/\/raglan.pl\/it\/prodotto\/aceto-di-lamponi-e-mele-250ml\/\",\"name\":\"Aceto di lamponi e mele 250ml - Raglan Miele Biologico Crudo\",\"isPartOf\":{\"@id\":\"https:\/\/raglan.pl\/#website\"},\"datePublished\":\"2021-08-12T08:17:49+00:00\",\"dateModified\":\"2023-11-20T17:18:04+00:00\",\"description\":\"Raglan Miele Biologico Crudo - Odkryj zdrowie i smak zamkni\u0119ty w s\u0142oiczkach. Spr\u00f3buj natury w wersji 400g, 500g i a\u017c 950g. Zasmakuj si\u0119 w miodach 100% z Polski.\",\"breadcrumb\":{\"@id\":\"https:\/\/raglan.pl\/it\/prodotto\/aceto-di-lamponi-e-mele-250ml\/#breadcrumb\"},\"inLanguage\":\"it-IT\",\"potentialAction\":[{\"@type\":\"ReadAction\",\"target\":[\"https:\/\/raglan.pl\/it\/prodotto\/aceto-di-lamponi-e-mele-250ml\/\"]}]},{\"@type\":\"BreadcrumbList\",\"@id\":\"https:\/\/raglan.pl\/it\/prodotto\/aceto-di-lamponi-e-mele-250ml\/#breadcrumb\",\"itemListElement\":[{\"@type\":\"ListItem\",\"position\":1,\"name\":\"Strona g\u0142\u00f3wna\",\"item\":\"https:\/\/raglan.pl\/it\/\"},{\"@type\":\"ListItem\",\"position\":2,\"name\":\"Negozio\",\"item\":\"https:\/\/raglan.pl\/sklep\/\"},{\"@type\":\"ListItem\",\"position\":3,\"name\":\"Aceto di lamponi e mele 250ml\"}]},{\"@type\":\"WebSite\",\"@id\":\"https:\/\/raglan.pl\/#website\",\"url\":\"https:\/\/raglan.pl\/\",\"name\":\"Raglan Raw Organic Honey\",\"description\":\"\",\"publisher\":{\"@id\":\"https:\/\/raglan.pl\/#organization\"},\"potentialAction\":[{\"@type\":\"SearchAction\",\"target\":{\"@type\":\"EntryPoint\",\"urlTemplate\":\"https:\/\/raglan.pl\/?s={search_term_string}\"},\"query-input\":\"required name=search_term_string\"}],\"inLanguage\":\"it-IT\"},{\"@type\":\"Organization\",\"@id\":\"https:\/\/raglan.pl\/#organization\",\"name\":\"Raglan\",\"url\":\"https:\/\/raglan.pl\/\",\"logo\":{\"@type\":\"ImageObject\",\"inLanguage\":\"it-IT\",\"@id\":\"https:\/\/raglan.pl\/#\/schema\/logo\/image\/\",\"url\":\"https:\/\/raglan.pl\/wp-content\/uploads\/2021\/02\/raglan.png\",\"contentUrl\":\"https:\/\/raglan.pl\/wp-content\/uploads\/2021\/02\/raglan.png\",\"width\":135,\"height\":200,\"caption\":\"Raglan\"},\"image\":{\"@id\":\"https:\/\/raglan.pl\/#\/schema\/logo\/image\/\"},\"sameAs\":[\"https:\/\/www.facebook.com\/raglanmiodypolskie\/\",\"https:\/\/www.instagram.com\/raglanmiodypolskie\"]}]}<\/script>\n<!-- \/ Yoast SEO plugin. -->","yoast_head_json":{"title":"Aceto di lamponi e mele 250ml - Raglan Miele Biologico Crudo","description":"Raglan Miele Biologico Crudo - Odkryj zdrowie i smak zamkni\u0119ty w s\u0142oiczkach. Spr\u00f3buj natury w wersji 400g, 500g i a\u017c 950g. Zasmakuj si\u0119 w miodach 100% z Polski.","robots":{"index":"index","follow":"follow","max-snippet":"max-snippet:-1","max-image-preview":"max-image-preview:large","max-video-preview":"max-video-preview:-1"},"canonical":"https:\/\/raglan.pl\/it\/prodotto\/aceto-di-lamponi-e-mele-250ml\/","og_locale":"it_IT","og_type":"article","og_title":"Aceto di lamponi e mele 250ml - Raglan Miele Biologico Crudo","og_description":"Raglan Miele Biologico Crudo - Odkryj zdrowie i smak zamkni\u0119ty w s\u0142oiczkach. Spr\u00f3buj natury w wersji 400g, 500g i a\u017c 950g. Zasmakuj si\u0119 w miodach 100% z Polski.","og_url":"https:\/\/raglan.pl\/it\/prodotto\/aceto-di-lamponi-e-mele-250ml\/","og_site_name":"Raglan Miele Biologico Crudo","article_publisher":"https:\/\/www.facebook.com\/raglanmiodypolskie\/","article_modified_time":"2023-11-20T17:18:04+00:00","og_image":[{"width":1100,"height":1100,"url":"https:\/\/raglan.pl\/wp-content\/uploads\/2021\/08\/untitled13.jpg","type":"image\/jpeg"}],"twitter_card":"summary_large_image","schema":{"@context":"https:\/\/schema.org","@graph":[{"@type":"WebPage","@id":"https:\/\/raglan.pl\/it\/prodotto\/aceto-di-lamponi-e-mele-250ml\/","url":"https:\/\/raglan.pl\/it\/prodotto\/aceto-di-lamponi-e-mele-250ml\/","name":"Aceto di lamponi e mele 250ml - Raglan Miele Biologico Crudo","isPartOf":{"@id":"https:\/\/raglan.pl\/#website"},"datePublished":"2021-08-12T08:17:49+00:00","dateModified":"2023-11-20T17:18:04+00:00","description":"Raglan Miele Biologico Crudo - Odkryj zdrowie i smak zamkni\u0119ty w s\u0142oiczkach. Spr\u00f3buj natury w wersji 400g, 500g i a\u017c 950g. Zasmakuj si\u0119 w miodach 100% z Polski.","breadcrumb":{"@id":"https:\/\/raglan.pl\/it\/prodotto\/aceto-di-lamponi-e-mele-250ml\/#breadcrumb"},"inLanguage":"it-IT","potentialAction":[{"@type":"ReadAction","target":["https:\/\/raglan.pl\/it\/prodotto\/aceto-di-lamponi-e-mele-250ml\/"]}]},{"@type":"BreadcrumbList","@id":"https:\/\/raglan.pl\/it\/prodotto\/aceto-di-lamponi-e-mele-250ml\/#breadcrumb","itemListElement":[{"@type":"ListItem","position":1,"name":"Strona g\u0142\u00f3wna","item":"https:\/\/raglan.pl\/it\/"},{"@type":"ListItem","position":2,"name":"Negozio","item":"https:\/\/raglan.pl\/sklep\/"},{"@type":"ListItem","position":3,"name":"Aceto di lamponi e mele 250ml"}]},{"@type":"WebSite","@id":"https:\/\/raglan.pl\/#website","url":"https:\/\/raglan.pl\/","name":"Raglan Raw Organic Honey","description":"","publisher":{"@id":"https:\/\/raglan.pl\/#organization"},"potentialAction":[{"@type":"SearchAction","target":{"@type":"EntryPoint","urlTemplate":"https:\/\/raglan.pl\/?s={search_term_string}"},"query-input":"required name=search_term_string"}],"inLanguage":"it-IT"},{"@type":"Organization","@id":"https:\/\/raglan.pl\/#organization","name":"Raglan","url":"https:\/\/raglan.pl\/","logo":{"@type":"ImageObject","inLanguage":"it-IT","@id":"https:\/\/raglan.pl\/#\/schema\/logo\/image\/","url":"https:\/\/raglan.pl\/wp-content\/uploads\/2021\/02\/raglan.png","contentUrl":"https:\/\/raglan.pl\/wp-content\/uploads\/2021\/02\/raglan.png","width":135,"height":200,"caption":"Raglan"},"image":{"@id":"https:\/\/raglan.pl\/#\/schema\/logo\/image\/"},"sameAs":["https:\/\/www.facebook.com\/raglanmiodypolskie\/","https:\/\/www.instagram.com\/raglanmiodypolskie"]}]}},"_links":{"self":[{"href":"https:\/\/raglan.pl\/it\/wp-json\/wp\/v2\/product\/7910"}],"collection":[{"href":"https:\/\/raglan.pl\/it\/wp-json\/wp\/v2\/product"}],"about":[{"href":"https:\/\/raglan.pl\/it\/wp-json\/wp\/v2\/types\/product"}],"replies":[{"embeddable":true,"href":"https:\/\/raglan.pl\/it\/wp-json\/wp\/v2\/comments?post=7910"}],"wp:featuredmedia":[{"embeddable":true,"href":"https:\/\/raglan.pl\/it\/wp-json\/wp\/v2\/media\/8118"}],"wp:attachment":[{"href":"https:\/\/raglan.pl\/it\/wp-json\/wp\/v2\/media?parent=7910"}],"wp:term":[{"taxonomy":"product_cat","embeddable":true,"href":"https:\/\/raglan.pl\/it\/wp-json\/wp\/v2\/product_cat?post=7910"},{"taxonomy":"product_tag","embeddable":true,"href":"https:\/\/raglan.pl\/it\/wp-json\/wp\/v2\/product_tag?post=7910"}],"curies":[{"name":"wp","href":"https:\/\/api.w.org\/{rel}","templated":true}]}}