{"id":7906,"date":"2021-08-12T10:16:57","date_gmt":"2021-08-12T08:16:59","guid":{"rendered":"https:\/\/raglan.pl\/?post_type=product&#038;p=7906"},"modified":"2023-11-21T23:22:47","modified_gmt":"2023-11-21T22:22:47","slug":"aceto-di-ciliegia-250ml","status":"publish","type":"product","link":"https:\/\/raglan.pl\/it\/prodotto\/aceto-di-ciliegia-250ml\/","title":{"rendered":"Aceto di ciliegia 250ml"},"content":{"rendered":"","protected":false},"excerpt":{"rendered":"<p>L&#8217;aceto di ciliegia ha un gusto secco e fruttato con un netto retrogusto di ciliegia. Ha una tonalit\u00e0 cremisi scuro e un carattere acido.<\/p>\n<p>Aceto di ciliegie \u2013 Propriet\u00e0<\/p>\n<p>Le ciliegie sono ricche di vitamine e minerali necessari per il corretto funzionamento del corpo. Contengono vitamine A, E, C, K, PP, oltre a minerali come zinco, magnesio, sodio, ferro, fosforo e potassio. Le ciliegie contengono anche acido folico e numerosi antiossidanti che aiutano a rallentare il processo di invecchiamento e a combattere le infiammazioni. Le ciliegie contengono anche melatonina, un antiossidante che supporta la rigenerazione del corpo e favorisce un sonno ristoratore. L&#8217;aceto di ciliegie \u00e8 una buona scelta per rafforzare il corpo in autunno e inverno. L\u2019aceto di ciliegie ha anche un effetto positivo sul sistema cardiovascolare.<\/p>\n<p>Aceto di ciliegie \u2013 Applicazione<\/p>\n<p>L&#8217;aceto di ciliegie \u00e8 perfetto in cucina, donando ai piatti un sapore specifico. \u00c8 perfetto per marinare carni come manzo o selvaggina, nonch\u00e9 come aggiunta a salse e condimenti. Si sposa bene con zuppe e verdure arrosto. Inoltre, l&#8217;aceto di ciliegie pu\u00f2 essere utilizzato per preparare deliziosi cocktail.<\/p>\n<p>Processo produttivo<\/p>\n<p>L&#8217;aceto di ciliegie \u00e8 prodotto interamente con ingredienti naturali. Viene prodotto utilizzando l&#8217;antico metodo della fermentazione naturale. Non vengono aggiunti aromi, conservanti o coloranti. Solo i frutti migliori vengono utilizzati per ottenere la sua tonalit\u00e0 unica. Per preservare tutte le propriet\u00e0 essenziali dell&#8217;aceto, non viene purificato n\u00e9 filtrato. Di conseguenza, \u00e8 naturalmente torbido e pu\u00f2 contenere sedimenti e biofilm naturale sul fondo della bottiglia.<\/p>\n","protected":false},"featured_media":8072,"comment_status":"open","ping_status":"closed","template":"","meta":[],"product_cat":[231,217],"product_tag":[],"acf":[],"yoast_head":"<!-- This site is optimized with the Yoast SEO plugin v21.7 - https:\/\/yoast.com\/wordpress\/plugins\/seo\/ -->\n<title>Aceto di ciliegia 250ml - Raglan Miele Biologico Crudo<\/title>\n<meta name=\"description\" content=\"Raglan Miele Biologico Crudo - Odkryj zdrowie i smak zamkni\u0119ty w s\u0142oiczkach. Spr\u00f3buj natury w wersji 400g, 500g i a\u017c 950g. Zasmakuj si\u0119 w miodach 100% z Polski.\" \/>\n<meta name=\"robots\" content=\"index, follow, max-snippet:-1, max-image-preview:large, max-video-preview:-1\" \/>\n<link rel=\"canonical\" href=\"https:\/\/raglan.pl\/it\/prodotto\/aceto-di-ciliegia-250ml\/\" \/>\n<meta property=\"og:locale\" content=\"it_IT\" \/>\n<meta property=\"og:type\" content=\"article\" \/>\n<meta property=\"og:title\" content=\"Aceto di ciliegia 250ml - Raglan Miele Biologico Crudo\" \/>\n<meta property=\"og:description\" content=\"Raglan Miele Biologico Crudo - Odkryj zdrowie i smak zamkni\u0119ty w s\u0142oiczkach. Spr\u00f3buj natury w wersji 400g, 500g i a\u017c 950g. Zasmakuj si\u0119 w miodach 100% z Polski.\" \/>\n<meta property=\"og:url\" content=\"https:\/\/raglan.pl\/it\/prodotto\/aceto-di-ciliegia-250ml\/\" \/>\n<meta property=\"og:site_name\" content=\"Raglan Miele Biologico Crudo\" \/>\n<meta property=\"article:publisher\" content=\"https:\/\/www.facebook.com\/raglanmiodypolskie\/\" \/>\n<meta property=\"article:modified_time\" content=\"2023-11-21T22:22:47+00:00\" \/>\n<meta property=\"og:image\" content=\"https:\/\/raglan.pl\/wp-content\/uploads\/2021\/08\/untitled8.jpg\" \/>\n\t<meta property=\"og:image:width\" content=\"1100\" \/>\n\t<meta property=\"og:image:height\" content=\"1100\" \/>\n\t<meta property=\"og:image:type\" content=\"image\/jpeg\" \/>\n<meta name=\"twitter:card\" content=\"summary_large_image\" \/>\n<script type=\"application\/ld+json\" class=\"yoast-schema-graph\">{\"@context\":\"https:\/\/schema.org\",\"@graph\":[{\"@type\":\"WebPage\",\"@id\":\"https:\/\/raglan.pl\/it\/prodotto\/aceto-di-ciliegia-250ml\/\",\"url\":\"https:\/\/raglan.pl\/it\/prodotto\/aceto-di-ciliegia-250ml\/\",\"name\":\"Aceto di ciliegia 250ml - Raglan Miele Biologico Crudo\",\"isPartOf\":{\"@id\":\"https:\/\/raglan.pl\/#website\"},\"datePublished\":\"2021-08-12T08:16:59+00:00\",\"dateModified\":\"2023-11-21T22:22:47+00:00\",\"description\":\"Raglan Miele Biologico Crudo - Odkryj zdrowie i smak zamkni\u0119ty w s\u0142oiczkach. Spr\u00f3buj natury w wersji 400g, 500g i a\u017c 950g. Zasmakuj si\u0119 w miodach 100% z Polski.\",\"breadcrumb\":{\"@id\":\"https:\/\/raglan.pl\/it\/prodotto\/aceto-di-ciliegia-250ml\/#breadcrumb\"},\"inLanguage\":\"it-IT\",\"potentialAction\":[{\"@type\":\"ReadAction\",\"target\":[\"https:\/\/raglan.pl\/it\/prodotto\/aceto-di-ciliegia-250ml\/\"]}]},{\"@type\":\"BreadcrumbList\",\"@id\":\"https:\/\/raglan.pl\/it\/prodotto\/aceto-di-ciliegia-250ml\/#breadcrumb\",\"itemListElement\":[{\"@type\":\"ListItem\",\"position\":1,\"name\":\"Strona g\u0142\u00f3wna\",\"item\":\"https:\/\/raglan.pl\/it\/\"},{\"@type\":\"ListItem\",\"position\":2,\"name\":\"Negozio\",\"item\":\"https:\/\/raglan.pl\/sklep\/\"},{\"@type\":\"ListItem\",\"position\":3,\"name\":\"Aceto di ciliegia 250ml\"}]},{\"@type\":\"WebSite\",\"@id\":\"https:\/\/raglan.pl\/#website\",\"url\":\"https:\/\/raglan.pl\/\",\"name\":\"Raglan Raw Organic Honey\",\"description\":\"\",\"publisher\":{\"@id\":\"https:\/\/raglan.pl\/#organization\"},\"potentialAction\":[{\"@type\":\"SearchAction\",\"target\":{\"@type\":\"EntryPoint\",\"urlTemplate\":\"https:\/\/raglan.pl\/?s={search_term_string}\"},\"query-input\":\"required name=search_term_string\"}],\"inLanguage\":\"it-IT\"},{\"@type\":\"Organization\",\"@id\":\"https:\/\/raglan.pl\/#organization\",\"name\":\"Raglan\",\"url\":\"https:\/\/raglan.pl\/\",\"logo\":{\"@type\":\"ImageObject\",\"inLanguage\":\"it-IT\",\"@id\":\"https:\/\/raglan.pl\/#\/schema\/logo\/image\/\",\"url\":\"https:\/\/raglan.pl\/wp-content\/uploads\/2021\/02\/raglan.png\",\"contentUrl\":\"https:\/\/raglan.pl\/wp-content\/uploads\/2021\/02\/raglan.png\",\"width\":135,\"height\":200,\"caption\":\"Raglan\"},\"image\":{\"@id\":\"https:\/\/raglan.pl\/#\/schema\/logo\/image\/\"},\"sameAs\":[\"https:\/\/www.facebook.com\/raglanmiodypolskie\/\",\"https:\/\/www.instagram.com\/raglanmiodypolskie\"]}]}<\/script>\n<!-- \/ Yoast SEO plugin. -->","yoast_head_json":{"title":"Aceto di ciliegia 250ml - Raglan Miele Biologico Crudo","description":"Raglan Miele Biologico Crudo - Odkryj zdrowie i smak zamkni\u0119ty w s\u0142oiczkach. Spr\u00f3buj natury w wersji 400g, 500g i a\u017c 950g. Zasmakuj si\u0119 w miodach 100% z Polski.","robots":{"index":"index","follow":"follow","max-snippet":"max-snippet:-1","max-image-preview":"max-image-preview:large","max-video-preview":"max-video-preview:-1"},"canonical":"https:\/\/raglan.pl\/it\/prodotto\/aceto-di-ciliegia-250ml\/","og_locale":"it_IT","og_type":"article","og_title":"Aceto di ciliegia 250ml - Raglan Miele Biologico Crudo","og_description":"Raglan Miele Biologico Crudo - Odkryj zdrowie i smak zamkni\u0119ty w s\u0142oiczkach. Spr\u00f3buj natury w wersji 400g, 500g i a\u017c 950g. Zasmakuj si\u0119 w miodach 100% z Polski.","og_url":"https:\/\/raglan.pl\/it\/prodotto\/aceto-di-ciliegia-250ml\/","og_site_name":"Raglan Miele Biologico Crudo","article_publisher":"https:\/\/www.facebook.com\/raglanmiodypolskie\/","article_modified_time":"2023-11-21T22:22:47+00:00","og_image":[{"width":1100,"height":1100,"url":"https:\/\/raglan.pl\/wp-content\/uploads\/2021\/08\/untitled8.jpg","type":"image\/jpeg"}],"twitter_card":"summary_large_image","schema":{"@context":"https:\/\/schema.org","@graph":[{"@type":"WebPage","@id":"https:\/\/raglan.pl\/it\/prodotto\/aceto-di-ciliegia-250ml\/","url":"https:\/\/raglan.pl\/it\/prodotto\/aceto-di-ciliegia-250ml\/","name":"Aceto di ciliegia 250ml - Raglan Miele Biologico Crudo","isPartOf":{"@id":"https:\/\/raglan.pl\/#website"},"datePublished":"2021-08-12T08:16:59+00:00","dateModified":"2023-11-21T22:22:47+00:00","description":"Raglan Miele Biologico Crudo - Odkryj zdrowie i smak zamkni\u0119ty w s\u0142oiczkach. Spr\u00f3buj natury w wersji 400g, 500g i a\u017c 950g. Zasmakuj si\u0119 w miodach 100% z Polski.","breadcrumb":{"@id":"https:\/\/raglan.pl\/it\/prodotto\/aceto-di-ciliegia-250ml\/#breadcrumb"},"inLanguage":"it-IT","potentialAction":[{"@type":"ReadAction","target":["https:\/\/raglan.pl\/it\/prodotto\/aceto-di-ciliegia-250ml\/"]}]},{"@type":"BreadcrumbList","@id":"https:\/\/raglan.pl\/it\/prodotto\/aceto-di-ciliegia-250ml\/#breadcrumb","itemListElement":[{"@type":"ListItem","position":1,"name":"Strona g\u0142\u00f3wna","item":"https:\/\/raglan.pl\/it\/"},{"@type":"ListItem","position":2,"name":"Negozio","item":"https:\/\/raglan.pl\/sklep\/"},{"@type":"ListItem","position":3,"name":"Aceto di ciliegia 250ml"}]},{"@type":"WebSite","@id":"https:\/\/raglan.pl\/#website","url":"https:\/\/raglan.pl\/","name":"Raglan Raw Organic Honey","description":"","publisher":{"@id":"https:\/\/raglan.pl\/#organization"},"potentialAction":[{"@type":"SearchAction","target":{"@type":"EntryPoint","urlTemplate":"https:\/\/raglan.pl\/?s={search_term_string}"},"query-input":"required name=search_term_string"}],"inLanguage":"it-IT"},{"@type":"Organization","@id":"https:\/\/raglan.pl\/#organization","name":"Raglan","url":"https:\/\/raglan.pl\/","logo":{"@type":"ImageObject","inLanguage":"it-IT","@id":"https:\/\/raglan.pl\/#\/schema\/logo\/image\/","url":"https:\/\/raglan.pl\/wp-content\/uploads\/2021\/02\/raglan.png","contentUrl":"https:\/\/raglan.pl\/wp-content\/uploads\/2021\/02\/raglan.png","width":135,"height":200,"caption":"Raglan"},"image":{"@id":"https:\/\/raglan.pl\/#\/schema\/logo\/image\/"},"sameAs":["https:\/\/www.facebook.com\/raglanmiodypolskie\/","https:\/\/www.instagram.com\/raglanmiodypolskie"]}]}},"_links":{"self":[{"href":"https:\/\/raglan.pl\/it\/wp-json\/wp\/v2\/product\/7906"}],"collection":[{"href":"https:\/\/raglan.pl\/it\/wp-json\/wp\/v2\/product"}],"about":[{"href":"https:\/\/raglan.pl\/it\/wp-json\/wp\/v2\/types\/product"}],"replies":[{"embeddable":true,"href":"https:\/\/raglan.pl\/it\/wp-json\/wp\/v2\/comments?post=7906"}],"wp:featuredmedia":[{"embeddable":true,"href":"https:\/\/raglan.pl\/it\/wp-json\/wp\/v2\/media\/8072"}],"wp:attachment":[{"href":"https:\/\/raglan.pl\/it\/wp-json\/wp\/v2\/media?parent=7906"}],"wp:term":[{"taxonomy":"product_cat","embeddable":true,"href":"https:\/\/raglan.pl\/it\/wp-json\/wp\/v2\/product_cat?post=7906"},{"taxonomy":"product_tag","embeddable":true,"href":"https:\/\/raglan.pl\/it\/wp-json\/wp\/v2\/product_tag?post=7906"}],"curies":[{"name":"wp","href":"https:\/\/api.w.org\/{rel}","templated":true}]}}