{"id":7902,"date":"2021-08-12T10:15:54","date_gmt":"2021-08-12T08:15:54","guid":{"rendered":"https:\/\/raglan.pl\/?post_type=product&#038;p=7902"},"modified":"2023-11-21T23:24:17","modified_gmt":"2023-11-21T22:24:17","slug":"aceto-di-mele-250ml","status":"publish","type":"product","link":"https:\/\/raglan.pl\/it\/prodotto\/aceto-di-mele-250ml\/","title":{"rendered":"Aceto di mele 250ml"},"content":{"rendered":"","protected":false},"excerpt":{"rendered":"<p>Uno degli aceti pi\u00f9 apprezzati \u00e8 l\u2019aceto di mele. Ha un sapore leggermente aspro e un sottile aroma di mela, oltre a un colore champagne. Molti anni fa divenne famoso per le sue propriet\u00e0 detergenti e battericide. Oggigiorno \u00e8 ampiamente utilizzato per supportare la perdita di peso e migliorare il funzionamento del sistema digestivo.<\/p>\n<p>Aceto di mele \u2013 Propriet\u00e0<\/p>\n<p>L\u2019aceto di mele contiene molte preziose propriet\u00e0 salutari. Contiene vitamine del gruppo B, vitamina C, A ed E, aminoacidi, pectine, enzimi, acidi organici, bioflavonoidi ed elementi come sodio, potassio, calcio, silicio, magnesio, ferro e fosforo. Le pectine contenute nell&#8217;aceto abbassano i livelli di colesterolo e prevengono l&#8217;ipertensione e l&#8217;aterosclerosi. Poich\u00e9 le pectine supportano il metabolismo dei grassi e stimolano la secrezione di succhi gastrici aggiuntivi, questo aceto \u00e8 consigliato alle persone in sovrappeso o obese.<\/p>\n<p>Aceto di mele \u2013 Applicazione<\/p>\n<p>L\u2019aceto di mele \u00e8 un prodotto versatile che pu\u00f2 essere utilizzato in molte cucine. \u00c8 anche un conservante naturale, utilizzato, tra gli altri, nelle marinate. L\u2019aceto di mele viene utilizzato in molti modi, tra cui: in cucina e cosmetica.<\/p>\n<p>Processo produttivo<\/p>\n<p>L&#8217;aceto di mele naturale che produciamo garantisce che abbia tutte le sue meravigliose propriet\u00e0. Per la sua produzione utilizziamo solo mele dei nostri frutteti o di produttori di frutta, di altissima qualit\u00e0, sane e mature. \u00c8 prodotto mediante un processo di fermentazione naturale e tradizionale che coinvolge batteri della famiglia delle Acetobacteraceae. L&#8217;aceto di mele Raglan \u00e8 naturale al 100% e non \u00e8 pastorizzato n\u00e9 filtrato. Inoltre, non contiene conservanti come solfiti, esaltatori di sapidit\u00e0 e coloranti.<\/p>\n","protected":false},"featured_media":8068,"comment_status":"open","ping_status":"closed","template":"","meta":[],"product_cat":[231,217],"product_tag":[],"acf":[],"yoast_head":"<!-- This site is optimized with the Yoast SEO plugin v21.7 - https:\/\/yoast.com\/wordpress\/plugins\/seo\/ -->\n<title>Aceto di mele 250ml - Raglan Miele Biologico Crudo<\/title>\n<meta name=\"description\" content=\"Raglan Miele Biologico Crudo - Odkryj zdrowie i smak zamkni\u0119ty w s\u0142oiczkach. Spr\u00f3buj natury w wersji 400g, 500g i a\u017c 950g. Zasmakuj si\u0119 w miodach 100% z Polski.\" \/>\n<meta name=\"robots\" content=\"index, follow, max-snippet:-1, max-image-preview:large, max-video-preview:-1\" \/>\n<link rel=\"canonical\" href=\"https:\/\/raglan.pl\/it\/prodotto\/aceto-di-mele-250ml\/\" \/>\n<meta property=\"og:locale\" content=\"it_IT\" \/>\n<meta property=\"og:type\" content=\"article\" \/>\n<meta property=\"og:title\" content=\"Aceto di mele 250ml - Raglan Miele Biologico Crudo\" \/>\n<meta property=\"og:description\" content=\"Raglan Miele Biologico Crudo - Odkryj zdrowie i smak zamkni\u0119ty w s\u0142oiczkach. Spr\u00f3buj natury w wersji 400g, 500g i a\u017c 950g. Zasmakuj si\u0119 w miodach 100% z Polski.\" \/>\n<meta property=\"og:url\" content=\"https:\/\/raglan.pl\/it\/prodotto\/aceto-di-mele-250ml\/\" \/>\n<meta property=\"og:site_name\" content=\"Raglan Miele Biologico Crudo\" \/>\n<meta property=\"article:publisher\" content=\"https:\/\/www.facebook.com\/raglanmiodypolskie\/\" \/>\n<meta property=\"article:modified_time\" content=\"2023-11-21T22:24:17+00:00\" \/>\n<meta property=\"og:image\" content=\"https:\/\/raglan.pl\/wp-content\/uploads\/2021\/08\/untitled7.jpg\" \/>\n\t<meta property=\"og:image:width\" content=\"1100\" \/>\n\t<meta property=\"og:image:height\" content=\"1100\" \/>\n\t<meta property=\"og:image:type\" content=\"image\/jpeg\" \/>\n<meta name=\"twitter:card\" content=\"summary_large_image\" \/>\n<script type=\"application\/ld+json\" class=\"yoast-schema-graph\">{\"@context\":\"https:\/\/schema.org\",\"@graph\":[{\"@type\":\"WebPage\",\"@id\":\"https:\/\/raglan.pl\/it\/prodotto\/aceto-di-mele-250ml\/\",\"url\":\"https:\/\/raglan.pl\/it\/prodotto\/aceto-di-mele-250ml\/\",\"name\":\"Aceto di mele 250ml - Raglan Miele Biologico Crudo\",\"isPartOf\":{\"@id\":\"https:\/\/raglan.pl\/#website\"},\"datePublished\":\"2021-08-12T08:15:54+00:00\",\"dateModified\":\"2023-11-21T22:24:17+00:00\",\"description\":\"Raglan Miele Biologico Crudo - Odkryj zdrowie i smak zamkni\u0119ty w s\u0142oiczkach. Spr\u00f3buj natury w wersji 400g, 500g i a\u017c 950g. Zasmakuj si\u0119 w miodach 100% z Polski.\",\"breadcrumb\":{\"@id\":\"https:\/\/raglan.pl\/it\/prodotto\/aceto-di-mele-250ml\/#breadcrumb\"},\"inLanguage\":\"it-IT\",\"potentialAction\":[{\"@type\":\"ReadAction\",\"target\":[\"https:\/\/raglan.pl\/it\/prodotto\/aceto-di-mele-250ml\/\"]}]},{\"@type\":\"BreadcrumbList\",\"@id\":\"https:\/\/raglan.pl\/it\/prodotto\/aceto-di-mele-250ml\/#breadcrumb\",\"itemListElement\":[{\"@type\":\"ListItem\",\"position\":1,\"name\":\"Strona g\u0142\u00f3wna\",\"item\":\"https:\/\/raglan.pl\/it\/\"},{\"@type\":\"ListItem\",\"position\":2,\"name\":\"Negozio\",\"item\":\"https:\/\/raglan.pl\/sklep\/\"},{\"@type\":\"ListItem\",\"position\":3,\"name\":\"Aceto di mele 250ml\"}]},{\"@type\":\"WebSite\",\"@id\":\"https:\/\/raglan.pl\/#website\",\"url\":\"https:\/\/raglan.pl\/\",\"name\":\"Raglan Raw Organic Honey\",\"description\":\"\",\"publisher\":{\"@id\":\"https:\/\/raglan.pl\/#organization\"},\"potentialAction\":[{\"@type\":\"SearchAction\",\"target\":{\"@type\":\"EntryPoint\",\"urlTemplate\":\"https:\/\/raglan.pl\/?s={search_term_string}\"},\"query-input\":\"required name=search_term_string\"}],\"inLanguage\":\"it-IT\"},{\"@type\":\"Organization\",\"@id\":\"https:\/\/raglan.pl\/#organization\",\"name\":\"Raglan\",\"url\":\"https:\/\/raglan.pl\/\",\"logo\":{\"@type\":\"ImageObject\",\"inLanguage\":\"it-IT\",\"@id\":\"https:\/\/raglan.pl\/#\/schema\/logo\/image\/\",\"url\":\"https:\/\/raglan.pl\/wp-content\/uploads\/2021\/02\/raglan.png\",\"contentUrl\":\"https:\/\/raglan.pl\/wp-content\/uploads\/2021\/02\/raglan.png\",\"width\":135,\"height\":200,\"caption\":\"Raglan\"},\"image\":{\"@id\":\"https:\/\/raglan.pl\/#\/schema\/logo\/image\/\"},\"sameAs\":[\"https:\/\/www.facebook.com\/raglanmiodypolskie\/\",\"https:\/\/www.instagram.com\/raglanmiodypolskie\"]}]}<\/script>\n<!-- \/ Yoast SEO plugin. -->","yoast_head_json":{"title":"Aceto di mele 250ml - Raglan Miele Biologico Crudo","description":"Raglan Miele Biologico Crudo - Odkryj zdrowie i smak zamkni\u0119ty w s\u0142oiczkach. Spr\u00f3buj natury w wersji 400g, 500g i a\u017c 950g. Zasmakuj si\u0119 w miodach 100% z Polski.","robots":{"index":"index","follow":"follow","max-snippet":"max-snippet:-1","max-image-preview":"max-image-preview:large","max-video-preview":"max-video-preview:-1"},"canonical":"https:\/\/raglan.pl\/it\/prodotto\/aceto-di-mele-250ml\/","og_locale":"it_IT","og_type":"article","og_title":"Aceto di mele 250ml - Raglan Miele Biologico Crudo","og_description":"Raglan Miele Biologico Crudo - Odkryj zdrowie i smak zamkni\u0119ty w s\u0142oiczkach. Spr\u00f3buj natury w wersji 400g, 500g i a\u017c 950g. Zasmakuj si\u0119 w miodach 100% z Polski.","og_url":"https:\/\/raglan.pl\/it\/prodotto\/aceto-di-mele-250ml\/","og_site_name":"Raglan Miele Biologico Crudo","article_publisher":"https:\/\/www.facebook.com\/raglanmiodypolskie\/","article_modified_time":"2023-11-21T22:24:17+00:00","og_image":[{"width":1100,"height":1100,"url":"https:\/\/raglan.pl\/wp-content\/uploads\/2021\/08\/untitled7.jpg","type":"image\/jpeg"}],"twitter_card":"summary_large_image","schema":{"@context":"https:\/\/schema.org","@graph":[{"@type":"WebPage","@id":"https:\/\/raglan.pl\/it\/prodotto\/aceto-di-mele-250ml\/","url":"https:\/\/raglan.pl\/it\/prodotto\/aceto-di-mele-250ml\/","name":"Aceto di mele 250ml - Raglan Miele Biologico Crudo","isPartOf":{"@id":"https:\/\/raglan.pl\/#website"},"datePublished":"2021-08-12T08:15:54+00:00","dateModified":"2023-11-21T22:24:17+00:00","description":"Raglan Miele Biologico Crudo - Odkryj zdrowie i smak zamkni\u0119ty w s\u0142oiczkach. Spr\u00f3buj natury w wersji 400g, 500g i a\u017c 950g. Zasmakuj si\u0119 w miodach 100% z Polski.","breadcrumb":{"@id":"https:\/\/raglan.pl\/it\/prodotto\/aceto-di-mele-250ml\/#breadcrumb"},"inLanguage":"it-IT","potentialAction":[{"@type":"ReadAction","target":["https:\/\/raglan.pl\/it\/prodotto\/aceto-di-mele-250ml\/"]}]},{"@type":"BreadcrumbList","@id":"https:\/\/raglan.pl\/it\/prodotto\/aceto-di-mele-250ml\/#breadcrumb","itemListElement":[{"@type":"ListItem","position":1,"name":"Strona g\u0142\u00f3wna","item":"https:\/\/raglan.pl\/it\/"},{"@type":"ListItem","position":2,"name":"Negozio","item":"https:\/\/raglan.pl\/sklep\/"},{"@type":"ListItem","position":3,"name":"Aceto di mele 250ml"}]},{"@type":"WebSite","@id":"https:\/\/raglan.pl\/#website","url":"https:\/\/raglan.pl\/","name":"Raglan Raw Organic Honey","description":"","publisher":{"@id":"https:\/\/raglan.pl\/#organization"},"potentialAction":[{"@type":"SearchAction","target":{"@type":"EntryPoint","urlTemplate":"https:\/\/raglan.pl\/?s={search_term_string}"},"query-input":"required name=search_term_string"}],"inLanguage":"it-IT"},{"@type":"Organization","@id":"https:\/\/raglan.pl\/#organization","name":"Raglan","url":"https:\/\/raglan.pl\/","logo":{"@type":"ImageObject","inLanguage":"it-IT","@id":"https:\/\/raglan.pl\/#\/schema\/logo\/image\/","url":"https:\/\/raglan.pl\/wp-content\/uploads\/2021\/02\/raglan.png","contentUrl":"https:\/\/raglan.pl\/wp-content\/uploads\/2021\/02\/raglan.png","width":135,"height":200,"caption":"Raglan"},"image":{"@id":"https:\/\/raglan.pl\/#\/schema\/logo\/image\/"},"sameAs":["https:\/\/www.facebook.com\/raglanmiodypolskie\/","https:\/\/www.instagram.com\/raglanmiodypolskie"]}]}},"_links":{"self":[{"href":"https:\/\/raglan.pl\/it\/wp-json\/wp\/v2\/product\/7902"}],"collection":[{"href":"https:\/\/raglan.pl\/it\/wp-json\/wp\/v2\/product"}],"about":[{"href":"https:\/\/raglan.pl\/it\/wp-json\/wp\/v2\/types\/product"}],"replies":[{"embeddable":true,"href":"https:\/\/raglan.pl\/it\/wp-json\/wp\/v2\/comments?post=7902"}],"wp:featuredmedia":[{"embeddable":true,"href":"https:\/\/raglan.pl\/it\/wp-json\/wp\/v2\/media\/8068"}],"wp:attachment":[{"href":"https:\/\/raglan.pl\/it\/wp-json\/wp\/v2\/media?parent=7902"}],"wp:term":[{"taxonomy":"product_cat","embeddable":true,"href":"https:\/\/raglan.pl\/it\/wp-json\/wp\/v2\/product_cat?post=7902"},{"taxonomy":"product_tag","embeddable":true,"href":"https:\/\/raglan.pl\/it\/wp-json\/wp\/v2\/product_tag?post=7902"}],"curies":[{"name":"wp","href":"https:\/\/api.w.org\/{rel}","templated":true}]}}