{"id":7054,"date":"2019-01-10T15:28:14","date_gmt":"2019-01-10T14:28:14","guid":{"rendered":"https:\/\/raglan.pl\/wlasciwosci-miodow\/"},"modified":"2021-04-13T15:09:57","modified_gmt":"2021-04-13T13:09:57","slug":"proprieta-del-miele","status":"publish","type":"page","link":"https:\/\/raglan.pl\/it\/proprieta-del-miele\/","title":{"rendered":"Propriet\u00e0 del miele"},"content":{"rendered":"<div class=\"wpb-content-wrapper\"><p>[vc_row content_placement=&#8221;middle&#8221; css_animation=&#8221;fadeIn&#8221; css=&#8221;.vc_custom_1530106194185{margin-top: 30px !important;}&#8221;][vc_column reveal_effect=&#8221;fadeIn&#8221; reveal_duration=&#8221;0.7&#8243; reveal_delay=&#8221;0.2&#8243;][lab_heading title_tag=&#8221;H1&#8243; title=&#8221;Propriet\u00e0 del miele&#8221; el_class=&#8221;justify&#8221;][\/lab_heading][lab_heading title=&#8221;Miele di colza&#8221; el_class=&#8221;justify&#8221;]<a href=\"https:\/\/raglan.pl\/it\/prodotto\/miele-di-colza-950g\/\">Miele di colza<\/a> \u00e8 usato nelle problematiche del fegato, dei dotti biliari, della cistifellea, del cuore e dei vasi coronari. \u00c8 utile nel trattamento delle vie respiratorie. Neutralizza leggere ustioni della pelle e ha propriet\u00e0 disintossicanti. Aiuta a normalizzare gli stati diabetici. Contiene un livello molto alto di glucosio, quindi \u00e8 raccomandato negli stati di stanchezza e debolezza.<br \/>\n[\/lab_heading][lab_heading title=&#8221;Miele di erica&#8221; el_class=&#8221;justify&#8221;]<a href=\"https:\/\/raglan.pl\/it\/prodotto\/miele-di-erica-925g\">Miele di erica<\/a> agisce come un diuretico, ecco perch\u00e9 \u00e8 usato nelle malattie del sistema urinario, infiammazione del tratto urinario, calcoli renali, infiammazione intestinale e diarrea. E` consigliato consumarlo negli stati infiammatori del cavo orale. Combatte l&#8217;infiammazione delle tonsille palatine. Un alto contenuto di prolina previene il morbo di Alzheimer. Allevia la diarrea, la stitichezza, la nausea e il bruciore di stomaco.[\/lab_heading][lab_heading title=&#8221;Miele di grano saraceno&#8221; el_class=&#8221;justify&#8221;]<a href=\"https:\/\/raglan.pl\/it\/prodotto\/miele-di-grano-saraceno-950g\">Miele di grano saraceno<\/a> contiene un alto livello di rutina, che rafforza e pulisce i vasi sanguigni. Combatte i disturbi delle coronarie e quelli dovuti all&#8217;ipertensione. Accelera la guarigione delle ferite e delle ossa fratturate. Il consumo sistematico di miele di grano saraceno provoca un aumento dell&#8217;emoglobina nel sangue e sostiene il processo di convalescenza dopo le malattie. Protegge l&#8217;organismo dalla carenza di colina. Il miele di grano saraceno disintossica l&#8217;organismo dagli stimolanti e rimuove gli elementi radioattivi dal siero del sangue.[\/lab_heading][lab_heading title=&#8221;Miele di tiglio&#8221; el_class=&#8221;justify&#8221;]<a href=\"https:\/\/raglan.pl\/it\/prodotto\/miele-di-tiglio-950g\">Miele di tiglio<\/a> \u00e8 usato nel trattamento del raffreddore e dell&#8217;influenza. Ha effetti antibiotici, antipiretici e antitussivi. Facilita il sonno, allevia lo stress e bilancia la pressione sanguigna.[\/lab_heading][lab_heading title=&#8221;Miele di melata di abete&#8221; el_class=&#8221;justify&#8221;]<a href=\"https:\/\/raglan.pl\/it\/prodotto\/miele-di-melata-di-abete-950g\">Il miele di melata di abete <\/a> \u00e8 caratterizzato da un&#8217;elevata attivit\u00e0 antibiotica e battericida, ha propriet\u00e0 antisettiche, antinfiammatorie ed espettoranti. \u00c8 raccomandato per i problemi cardiovascolari e cardiaci e aiuta a mantenere le gengive sane. \u00c8 usato per trattare l&#8217;asma e come agente naturale anti-cancro. Ha un effetto sedativo e aiuta con l&#8217;ansia e l&#8217;insonnia.<br \/>\n[\/lab_heading][lab_heading title=&#8221;Miele di solidago&#8221; el_class=&#8221;justify&#8221;]Chiamato anche \u201eil nettare della vita\u201d. <a href=\"https:\/\/raglan.pl\/it\/prodotto\/miele-di-solidago-950g\/\">Il miele di solidago<\/a> ha la pi\u00f9 lata attivit\u00e0 antibiotica di tutti i mieli. \u00c8 raccomandato nei disturbi e nelle malattie del tratto urinario, della vescica, della prostata, dei calcoli renali e delle malattie infiammatorie intestinali, utile nel trattamento di influenza, raffreddore e diarrea. Efficace per le allergie inalanti. Studi recenti suggeriscono parametri antibiotici pi\u00f9 elevati rispetto al miele di Manuka, poich\u00e9 combatte efficacemente lo streptococco e lo stafilococco. Accelera la rigenerazione dei tessuti e disinfetta e guarisce ferite e ulcere.[\/lab_heading][lab_heading title=&#8221;Miele di salice&#8221; el_class=&#8221;justify&#8221;]<a href=\"https:\/\/raglan.pl\/it\/prodotto\/miele-di-salice-1000g\/\">Il miele di salice<\/a> \u00e8 molto utile nei raffreddori e nelle malattie reumatiche (artrite reumatoide). Riduce i forti dolori di stomaco e addominali.[\/lab_heading][lab_heading title=&#8221;Miele di facelia&#8221; el_class=&#8221;justify&#8221;]<a href=\"https:\/\/raglan.pl\/it\/prodotto\/miele-di-facelia-950g\/\">Il miele di facelia<\/a> riduce gli effetti tossici degli stimolanti come l&#8217;alcol o il tabacco. Abbassa l&#8217;ipertensione e protegge il fegato perch\u00e9 contiene molta colina. Aiuta a trattare le ulcere gastriche e duodenali e la gastrite.[\/lab_heading][\/vc_column][\/vc_row]<\/p>\n<\/div>","protected":false},"excerpt":{"rendered":"<p>[vc_row content_placement=&#8221;middle&#8221; css_animation=&#8221;fadeIn&#8221; css=&#8221;.vc_custom_1530106194185{margin-top: 30px !important;}&#8221;][vc_column reveal_effect=&#8221;fadeIn&#8221; reveal_duration=&#8221;0.7&#8243; reveal_delay=&#8221;0.2&#8243;][lab_heading title_tag=&#8221;H1&#8243; title=&#8221;Propriet\u00e0 del miele&#8221; el_class=&#8221;justify&#8221;][\/lab_heading][lab_heading title=&#8221;Miele di colza&#8221; el_class=&#8221;justify&#8221;]Miele di colza \u00e8 usato nelle problematiche del fegato, dei dotti biliari, della cistifellea, del cuore e dei vasi coronari. \u00c8 utile nel trattamento delle vie respiratorie. Neutralizza leggere ustioni della pelle e ha propriet\u00e0 disintossicanti. Aiuta a&hellip;<\/p>\n","protected":false},"author":1,"featured_media":0,"parent":0,"menu_order":0,"comment_status":"open","ping_status":"open","template":"","meta":{"footnotes":""},"acf":[],"yoast_head":"<!-- This site is optimized with the Yoast SEO plugin v21.7 - https:\/\/yoast.com\/wordpress\/plugins\/seo\/ -->\n<title>W\u0142a\u015bciwo\u015bci miodu \u2013 Raglan polskie miody premium<\/title>\n<meta name=\"description\" content=\"Raglan Miele Biologico Crudo - Raglan 100% Polskie miody premium. Odkryj zdrowie i smak zamkni\u0119ty w s\u0142oiczkach. Spr\u00f3buj natury.\" \/>\n<meta name=\"robots\" content=\"index, follow, max-snippet:-1, max-image-preview:large, max-video-preview:-1\" \/>\n<link rel=\"canonical\" href=\"https:\/\/raglan.pl\/it\/proprieta-del-miele\/\" \/>\n<meta property=\"og:locale\" content=\"it_IT\" \/>\n<meta property=\"og:type\" content=\"article\" \/>\n<meta property=\"og:title\" content=\"W\u0142a\u015bciwo\u015bci miodu \u2013 Raglan polskie miody premium\" \/>\n<meta property=\"og:description\" content=\"Raglan Miele Biologico Crudo - Raglan 100% Polskie miody premium. Odkryj zdrowie i smak zamkni\u0119ty w s\u0142oiczkach. Spr\u00f3buj natury.\" \/>\n<meta property=\"og:url\" content=\"https:\/\/raglan.pl\/it\/proprieta-del-miele\/\" \/>\n<meta property=\"og:site_name\" content=\"Raglan Miele Biologico Crudo\" \/>\n<meta property=\"article:publisher\" content=\"https:\/\/www.facebook.com\/raglanmiodypolskie\/\" \/>\n<meta property=\"article:modified_time\" content=\"2021-04-13T13:09:57+00:00\" \/>\n<meta name=\"twitter:card\" content=\"summary_large_image\" \/>\n<meta name=\"twitter:label1\" content=\"Tempo di lettura stimato\" \/>\n\t<meta name=\"twitter:data1\" content=\"3 minuti\" \/>\n<script type=\"application\/ld+json\" class=\"yoast-schema-graph\">{\"@context\":\"https:\/\/schema.org\",\"@graph\":[{\"@type\":\"WebPage\",\"@id\":\"https:\/\/raglan.pl\/it\/proprieta-del-miele\/\",\"url\":\"https:\/\/raglan.pl\/it\/proprieta-del-miele\/\",\"name\":\"W\u0142a\u015bciwo\u015bci miodu \u2013 Raglan polskie miody premium\",\"isPartOf\":{\"@id\":\"https:\/\/raglan.pl\/#website\"},\"datePublished\":\"2019-01-10T14:28:14+00:00\",\"dateModified\":\"2021-04-13T13:09:57+00:00\",\"description\":\"Raglan Miele Biologico Crudo - Raglan 100% Polskie miody premium. Odkryj zdrowie i smak zamkni\u0119ty w s\u0142oiczkach. Spr\u00f3buj natury.\",\"breadcrumb\":{\"@id\":\"https:\/\/raglan.pl\/it\/proprieta-del-miele\/#breadcrumb\"},\"inLanguage\":\"it-IT\",\"potentialAction\":[{\"@type\":\"ReadAction\",\"target\":[\"https:\/\/raglan.pl\/it\/proprieta-del-miele\/\"]}]},{\"@type\":\"BreadcrumbList\",\"@id\":\"https:\/\/raglan.pl\/it\/proprieta-del-miele\/#breadcrumb\",\"itemListElement\":[{\"@type\":\"ListItem\",\"position\":1,\"name\":\"Strona g\u0142\u00f3wna\",\"item\":\"https:\/\/raglan.pl\/it\/\"},{\"@type\":\"ListItem\",\"position\":2,\"name\":\"Propriet\u00e0 del miele\"}]},{\"@type\":\"WebSite\",\"@id\":\"https:\/\/raglan.pl\/#website\",\"url\":\"https:\/\/raglan.pl\/\",\"name\":\"Raglan Raw Organic Honey\",\"description\":\"\",\"publisher\":{\"@id\":\"https:\/\/raglan.pl\/#organization\"},\"potentialAction\":[{\"@type\":\"SearchAction\",\"target\":{\"@type\":\"EntryPoint\",\"urlTemplate\":\"https:\/\/raglan.pl\/?s={search_term_string}\"},\"query-input\":\"required name=search_term_string\"}],\"inLanguage\":\"it-IT\"},{\"@type\":\"Organization\",\"@id\":\"https:\/\/raglan.pl\/#organization\",\"name\":\"Raglan\",\"url\":\"https:\/\/raglan.pl\/\",\"logo\":{\"@type\":\"ImageObject\",\"inLanguage\":\"it-IT\",\"@id\":\"https:\/\/raglan.pl\/#\/schema\/logo\/image\/\",\"url\":\"https:\/\/raglan.pl\/wp-content\/uploads\/2021\/02\/raglan.png\",\"contentUrl\":\"https:\/\/raglan.pl\/wp-content\/uploads\/2021\/02\/raglan.png\",\"width\":135,\"height\":200,\"caption\":\"Raglan\"},\"image\":{\"@id\":\"https:\/\/raglan.pl\/#\/schema\/logo\/image\/\"},\"sameAs\":[\"https:\/\/www.facebook.com\/raglanmiodypolskie\/\",\"https:\/\/www.instagram.com\/raglanmiodypolskie\"]}]}<\/script>\n<!-- \/ Yoast SEO plugin. -->","yoast_head_json":{"title":"W\u0142a\u015bciwo\u015bci miodu \u2013 Raglan polskie miody premium","description":"Raglan Miele Biologico Crudo - Raglan 100% Polskie miody premium. Odkryj zdrowie i smak zamkni\u0119ty w s\u0142oiczkach. Spr\u00f3buj natury.","robots":{"index":"index","follow":"follow","max-snippet":"max-snippet:-1","max-image-preview":"max-image-preview:large","max-video-preview":"max-video-preview:-1"},"canonical":"https:\/\/raglan.pl\/it\/proprieta-del-miele\/","og_locale":"it_IT","og_type":"article","og_title":"W\u0142a\u015bciwo\u015bci miodu \u2013 Raglan polskie miody premium","og_description":"Raglan Miele Biologico Crudo - Raglan 100% Polskie miody premium. Odkryj zdrowie i smak zamkni\u0119ty w s\u0142oiczkach. Spr\u00f3buj natury.","og_url":"https:\/\/raglan.pl\/it\/proprieta-del-miele\/","og_site_name":"Raglan Miele Biologico Crudo","article_publisher":"https:\/\/www.facebook.com\/raglanmiodypolskie\/","article_modified_time":"2021-04-13T13:09:57+00:00","twitter_card":"summary_large_image","twitter_misc":{"Tempo di lettura stimato":"3 minuti"},"schema":{"@context":"https:\/\/schema.org","@graph":[{"@type":"WebPage","@id":"https:\/\/raglan.pl\/it\/proprieta-del-miele\/","url":"https:\/\/raglan.pl\/it\/proprieta-del-miele\/","name":"W\u0142a\u015bciwo\u015bci miodu \u2013 Raglan polskie miody premium","isPartOf":{"@id":"https:\/\/raglan.pl\/#website"},"datePublished":"2019-01-10T14:28:14+00:00","dateModified":"2021-04-13T13:09:57+00:00","description":"Raglan Miele Biologico Crudo - Raglan 100% Polskie miody premium. Odkryj zdrowie i smak zamkni\u0119ty w s\u0142oiczkach. Spr\u00f3buj natury.","breadcrumb":{"@id":"https:\/\/raglan.pl\/it\/proprieta-del-miele\/#breadcrumb"},"inLanguage":"it-IT","potentialAction":[{"@type":"ReadAction","target":["https:\/\/raglan.pl\/it\/proprieta-del-miele\/"]}]},{"@type":"BreadcrumbList","@id":"https:\/\/raglan.pl\/it\/proprieta-del-miele\/#breadcrumb","itemListElement":[{"@type":"ListItem","position":1,"name":"Strona g\u0142\u00f3wna","item":"https:\/\/raglan.pl\/it\/"},{"@type":"ListItem","position":2,"name":"Propriet\u00e0 del miele"}]},{"@type":"WebSite","@id":"https:\/\/raglan.pl\/#website","url":"https:\/\/raglan.pl\/","name":"Raglan Raw Organic Honey","description":"","publisher":{"@id":"https:\/\/raglan.pl\/#organization"},"potentialAction":[{"@type":"SearchAction","target":{"@type":"EntryPoint","urlTemplate":"https:\/\/raglan.pl\/?s={search_term_string}"},"query-input":"required name=search_term_string"}],"inLanguage":"it-IT"},{"@type":"Organization","@id":"https:\/\/raglan.pl\/#organization","name":"Raglan","url":"https:\/\/raglan.pl\/","logo":{"@type":"ImageObject","inLanguage":"it-IT","@id":"https:\/\/raglan.pl\/#\/schema\/logo\/image\/","url":"https:\/\/raglan.pl\/wp-content\/uploads\/2021\/02\/raglan.png","contentUrl":"https:\/\/raglan.pl\/wp-content\/uploads\/2021\/02\/raglan.png","width":135,"height":200,"caption":"Raglan"},"image":{"@id":"https:\/\/raglan.pl\/#\/schema\/logo\/image\/"},"sameAs":["https:\/\/www.facebook.com\/raglanmiodypolskie\/","https:\/\/www.instagram.com\/raglanmiodypolskie"]}]}},"_links":{"self":[{"href":"https:\/\/raglan.pl\/it\/wp-json\/wp\/v2\/pages\/7054"}],"collection":[{"href":"https:\/\/raglan.pl\/it\/wp-json\/wp\/v2\/pages"}],"about":[{"href":"https:\/\/raglan.pl\/it\/wp-json\/wp\/v2\/types\/page"}],"author":[{"embeddable":true,"href":"https:\/\/raglan.pl\/it\/wp-json\/wp\/v2\/users\/1"}],"replies":[{"embeddable":true,"href":"https:\/\/raglan.pl\/it\/wp-json\/wp\/v2\/comments?post=7054"}],"version-history":[{"count":0,"href":"https:\/\/raglan.pl\/it\/wp-json\/wp\/v2\/pages\/7054\/revisions"}],"wp:attachment":[{"href":"https:\/\/raglan.pl\/it\/wp-json\/wp\/v2\/media?parent=7054"}],"curies":[{"name":"wp","href":"https:\/\/api.w.org\/{rel}","templated":true}]}}