{"id":8843,"date":"2022-05-22T21:34:21","date_gmt":"2022-05-22T19:34:21","guid":{"rendered":"https:\/\/raglan.pl\/?post_type=product&#038;p=8843"},"modified":"2023-11-13T20:49:16","modified_gmt":"2023-11-13T19:49:16","slug":"bog-blueberry-confiture-370g","status":"publish","type":"product","link":"https:\/\/raglan.pl\/en\/product\/bog-blueberry-confiture-370g\/","title":{"rendered":"Bog Blueberry Confiture 370g"},"content":{"rendered":"","protected":false},"excerpt":{"rendered":"","protected":false},"featured_media":8966,"comment_status":"open","ping_status":"closed","template":"","meta":[],"product_cat":[215,228],"product_tag":[],"acf":[],"yoast_head":"<!-- This site is optimized with the Yoast SEO plugin v21.7 - https:\/\/yoast.com\/wordpress\/plugins\/seo\/ -->\n<title>Bog Blueberry Confiture 370g - Raglan Raw Organic Honey<\/title>\n<meta name=\"description\" content=\"Raglan Raw Organic Honey - Odkryj zdrowie i smak zamkni\u0119ty w s\u0142oiczkach. Spr\u00f3buj natury w wersji 400g, 500g i a\u017c 950g. Zasmakuj si\u0119 w miodach 100% z Polski.\" \/>\n<meta name=\"robots\" content=\"index, follow, max-snippet:-1, max-image-preview:large, max-video-preview:-1\" \/>\n<link rel=\"canonical\" href=\"https:\/\/raglan.pl\/produkt\/konfitura-z-borowki-bagiennej-370g-limitowana-edycja\/\" \/>\n<meta property=\"og:locale\" content=\"en_US\" \/>\n<meta property=\"og:type\" content=\"article\" \/>\n<meta property=\"og:title\" content=\"Bog Blueberry Confiture 370g - Raglan Raw Organic Honey\" \/>\n<meta property=\"og:description\" content=\"Raglan Raw Organic Honey - Odkryj zdrowie i smak zamkni\u0119ty w s\u0142oiczkach. Spr\u00f3buj natury w wersji 400g, 500g i a\u017c 950g. Zasmakuj si\u0119 w miodach 100% z Polski.\" \/>\n<meta property=\"og:url\" content=\"https:\/\/raglan.pl\/produkt\/konfitura-z-borowki-bagiennej-370g-limitowana-edycja\/\" \/>\n<meta property=\"og:site_name\" content=\"Raglan Raw Organic Honey\" \/>\n<meta property=\"article:publisher\" content=\"https:\/\/www.facebook.com\/raglanmiodypolskie\/\" \/>\n<meta property=\"article:modified_time\" content=\"2023-11-13T19:49:16+00:00\" \/>\n<meta property=\"og:image\" content=\"https:\/\/raglan.pl\/wp-content\/uploads\/2022\/05\/7.jpg\" \/>\n\t<meta property=\"og:image:width\" content=\"1000\" \/>\n\t<meta property=\"og:image:height\" content=\"1000\" \/>\n\t<meta property=\"og:image:type\" content=\"image\/jpeg\" \/>\n<meta name=\"twitter:card\" content=\"summary_large_image\" \/>\n<script type=\"application\/ld+json\" class=\"yoast-schema-graph\">{\"@context\":\"https:\/\/schema.org\",\"@graph\":[{\"@type\":\"WebPage\",\"@id\":\"https:\/\/raglan.pl\/produkt\/konfitura-z-borowki-bagiennej-370g-limitowana-edycja\/\",\"url\":\"https:\/\/raglan.pl\/produkt\/konfitura-z-borowki-bagiennej-370g-limitowana-edycja\/\",\"name\":\"Bog Blueberry Confiture 370g - Raglan Raw Organic Honey\",\"isPartOf\":{\"@id\":\"https:\/\/raglan.pl\/#website\"},\"datePublished\":\"2022-05-22T19:34:21+00:00\",\"dateModified\":\"2023-11-13T19:49:16+00:00\",\"description\":\"Raglan Raw Organic Honey - Odkryj zdrowie i smak zamkni\u0119ty w s\u0142oiczkach. Spr\u00f3buj natury w wersji 400g, 500g i a\u017c 950g. Zasmakuj si\u0119 w miodach 100% z Polski.\",\"breadcrumb\":{\"@id\":\"https:\/\/raglan.pl\/produkt\/konfitura-z-borowki-bagiennej-370g-limitowana-edycja\/#breadcrumb\"},\"inLanguage\":\"en-US\",\"potentialAction\":[{\"@type\":\"ReadAction\",\"target\":[\"https:\/\/raglan.pl\/produkt\/konfitura-z-borowki-bagiennej-370g-limitowana-edycja\/\"]}]},{\"@type\":\"BreadcrumbList\",\"@id\":\"https:\/\/raglan.pl\/produkt\/konfitura-z-borowki-bagiennej-370g-limitowana-edycja\/#breadcrumb\",\"itemListElement\":[{\"@type\":\"ListItem\",\"position\":1,\"name\":\"Strona g\u0142\u00f3wna\",\"item\":\"https:\/\/raglan.pl\/en\/\"},{\"@type\":\"ListItem\",\"position\":2,\"name\":\"Shop\",\"item\":\"https:\/\/raglan.pl\/en\/shop\/\"},{\"@type\":\"ListItem\",\"position\":3,\"name\":\"Bog Blueberry Confiture 370g\"}]},{\"@type\":\"WebSite\",\"@id\":\"https:\/\/raglan.pl\/#website\",\"url\":\"https:\/\/raglan.pl\/\",\"name\":\"Raglan Raw Organic Honey\",\"description\":\"\",\"publisher\":{\"@id\":\"https:\/\/raglan.pl\/#organization\"},\"potentialAction\":[{\"@type\":\"SearchAction\",\"target\":{\"@type\":\"EntryPoint\",\"urlTemplate\":\"https:\/\/raglan.pl\/?s={search_term_string}\"},\"query-input\":\"required name=search_term_string\"}],\"inLanguage\":\"en-US\"},{\"@type\":\"Organization\",\"@id\":\"https:\/\/raglan.pl\/#organization\",\"name\":\"Raglan\",\"url\":\"https:\/\/raglan.pl\/\",\"logo\":{\"@type\":\"ImageObject\",\"inLanguage\":\"en-US\",\"@id\":\"https:\/\/raglan.pl\/#\/schema\/logo\/image\/\",\"url\":\"https:\/\/raglan.pl\/wp-content\/uploads\/2021\/02\/raglan.png\",\"contentUrl\":\"https:\/\/raglan.pl\/wp-content\/uploads\/2021\/02\/raglan.png\",\"width\":135,\"height\":200,\"caption\":\"Raglan\"},\"image\":{\"@id\":\"https:\/\/raglan.pl\/#\/schema\/logo\/image\/\"},\"sameAs\":[\"https:\/\/www.facebook.com\/raglanmiodypolskie\/\",\"https:\/\/www.instagram.com\/raglanmiodypolskie\"]}]}<\/script>\n<!-- \/ Yoast SEO plugin. -->","yoast_head_json":{"title":"Bog Blueberry Confiture 370g - Raglan Raw Organic Honey","description":"Raglan Raw Organic Honey - Odkryj zdrowie i smak zamkni\u0119ty w s\u0142oiczkach. Spr\u00f3buj natury w wersji 400g, 500g i a\u017c 950g. Zasmakuj si\u0119 w miodach 100% z Polski.","robots":{"index":"index","follow":"follow","max-snippet":"max-snippet:-1","max-image-preview":"max-image-preview:large","max-video-preview":"max-video-preview:-1"},"canonical":"https:\/\/raglan.pl\/produkt\/konfitura-z-borowki-bagiennej-370g-limitowana-edycja\/","og_locale":"en_US","og_type":"article","og_title":"Bog Blueberry Confiture 370g - Raglan Raw Organic Honey","og_description":"Raglan Raw Organic Honey - Odkryj zdrowie i smak zamkni\u0119ty w s\u0142oiczkach. Spr\u00f3buj natury w wersji 400g, 500g i a\u017c 950g. Zasmakuj si\u0119 w miodach 100% z Polski.","og_url":"https:\/\/raglan.pl\/produkt\/konfitura-z-borowki-bagiennej-370g-limitowana-edycja\/","og_site_name":"Raglan Raw Organic Honey","article_publisher":"https:\/\/www.facebook.com\/raglanmiodypolskie\/","article_modified_time":"2023-11-13T19:49:16+00:00","og_image":[{"width":1000,"height":1000,"url":"https:\/\/raglan.pl\/wp-content\/uploads\/2022\/05\/7.jpg","type":"image\/jpeg"}],"twitter_card":"summary_large_image","schema":{"@context":"https:\/\/schema.org","@graph":[{"@type":"WebPage","@id":"https:\/\/raglan.pl\/produkt\/konfitura-z-borowki-bagiennej-370g-limitowana-edycja\/","url":"https:\/\/raglan.pl\/produkt\/konfitura-z-borowki-bagiennej-370g-limitowana-edycja\/","name":"Bog Blueberry Confiture 370g - Raglan Raw Organic Honey","isPartOf":{"@id":"https:\/\/raglan.pl\/#website"},"datePublished":"2022-05-22T19:34:21+00:00","dateModified":"2023-11-13T19:49:16+00:00","description":"Raglan Raw Organic Honey - Odkryj zdrowie i smak zamkni\u0119ty w s\u0142oiczkach. Spr\u00f3buj natury w wersji 400g, 500g i a\u017c 950g. Zasmakuj si\u0119 w miodach 100% z Polski.","breadcrumb":{"@id":"https:\/\/raglan.pl\/produkt\/konfitura-z-borowki-bagiennej-370g-limitowana-edycja\/#breadcrumb"},"inLanguage":"en-US","potentialAction":[{"@type":"ReadAction","target":["https:\/\/raglan.pl\/produkt\/konfitura-z-borowki-bagiennej-370g-limitowana-edycja\/"]}]},{"@type":"BreadcrumbList","@id":"https:\/\/raglan.pl\/produkt\/konfitura-z-borowki-bagiennej-370g-limitowana-edycja\/#breadcrumb","itemListElement":[{"@type":"ListItem","position":1,"name":"Strona g\u0142\u00f3wna","item":"https:\/\/raglan.pl\/en\/"},{"@type":"ListItem","position":2,"name":"Shop","item":"https:\/\/raglan.pl\/en\/shop\/"},{"@type":"ListItem","position":3,"name":"Bog Blueberry Confiture 370g"}]},{"@type":"WebSite","@id":"https:\/\/raglan.pl\/#website","url":"https:\/\/raglan.pl\/","name":"Raglan Raw Organic Honey","description":"","publisher":{"@id":"https:\/\/raglan.pl\/#organization"},"potentialAction":[{"@type":"SearchAction","target":{"@type":"EntryPoint","urlTemplate":"https:\/\/raglan.pl\/?s={search_term_string}"},"query-input":"required name=search_term_string"}],"inLanguage":"en-US"},{"@type":"Organization","@id":"https:\/\/raglan.pl\/#organization","name":"Raglan","url":"https:\/\/raglan.pl\/","logo":{"@type":"ImageObject","inLanguage":"en-US","@id":"https:\/\/raglan.pl\/#\/schema\/logo\/image\/","url":"https:\/\/raglan.pl\/wp-content\/uploads\/2021\/02\/raglan.png","contentUrl":"https:\/\/raglan.pl\/wp-content\/uploads\/2021\/02\/raglan.png","width":135,"height":200,"caption":"Raglan"},"image":{"@id":"https:\/\/raglan.pl\/#\/schema\/logo\/image\/"},"sameAs":["https:\/\/www.facebook.com\/raglanmiodypolskie\/","https:\/\/www.instagram.com\/raglanmiodypolskie"]}]}},"_links":{"self":[{"href":"https:\/\/raglan.pl\/en\/wp-json\/wp\/v2\/product\/8843"}],"collection":[{"href":"https:\/\/raglan.pl\/en\/wp-json\/wp\/v2\/product"}],"about":[{"href":"https:\/\/raglan.pl\/en\/wp-json\/wp\/v2\/types\/product"}],"replies":[{"embeddable":true,"href":"https:\/\/raglan.pl\/en\/wp-json\/wp\/v2\/comments?post=8843"}],"wp:featuredmedia":[{"embeddable":true,"href":"https:\/\/raglan.pl\/en\/wp-json\/wp\/v2\/media\/8966"}],"wp:attachment":[{"href":"https:\/\/raglan.pl\/en\/wp-json\/wp\/v2\/media?parent=8843"}],"wp:term":[{"taxonomy":"product_cat","embeddable":true,"href":"https:\/\/raglan.pl\/en\/wp-json\/wp\/v2\/product_cat?post=8843"},{"taxonomy":"product_tag","embeddable":true,"href":"https:\/\/raglan.pl\/en\/wp-json\/wp\/v2\/product_tag?post=8843"}],"curies":[{"name":"wp","href":"https:\/\/api.w.org\/{rel}","templated":true}]}}