{"id":5820,"date":"2019-10-07T22:20:51","date_gmt":"2019-10-07T20:20:52","guid":{"rendered":"https:\/\/raglan.pl\/?post_type=product&#038;p=5820"},"modified":"2025-10-05T10:28:09","modified_gmt":"2025-10-05T08:28:09","slug":"heather-honey-400g","status":"publish","type":"product","link":"https:\/\/raglan.pl\/en\/product\/heather-honey-400g\/","title":{"rendered":"Heather Honey 400g"},"content":{"rendered":"","protected":false},"excerpt":{"rendered":"<p>Another very rare type of honey only existing in limited quantities. Heather blooms in September when colonies start the preparation for the upcoming winter. We only setup the strongest colonies for harvesting as the cold nights and frequently changing weather condition make it harsh on the bees.<\/p>\n<p>Heather honey can be from light brown to amber and reddish-orange in colour with its own particular flavour unlike that of any other honey. The taste is tangy, smoky and pungent with a very long aftertaste. It definitely has unique flavour and consistency.<\/p>\n","protected":false},"featured_media":5854,"comment_status":"open","ping_status":"closed","template":"","meta":[],"product_cat":[215,176],"product_tag":[],"acf":[],"yoast_head":"<!-- This site is optimized with the Yoast SEO plugin v21.7 - https:\/\/yoast.com\/wordpress\/plugins\/seo\/ -->\n<title>Heather Honey 400g - Raglan Raw Organic Honey<\/title>\n<meta name=\"description\" content=\"Raglan Raw Organic Honey - Odkryj zdrowie i smak zamkni\u0119ty w s\u0142oiczkach. Spr\u00f3buj natury w wersji 400g, 500g i a\u017c 950g. Zasmakuj si\u0119 w miodach 100% z Polski.\" \/>\n<meta name=\"robots\" content=\"index, follow, max-snippet:-1, max-image-preview:large, max-video-preview:-1\" \/>\n<link rel=\"canonical\" href=\"https:\/\/raglan.pl\/produkt\/miod-wrzosowy-400g\/\" \/>\n<meta property=\"og:locale\" content=\"en_US\" \/>\n<meta property=\"og:type\" content=\"article\" \/>\n<meta property=\"og:title\" content=\"Heather Honey 400g - Raglan Raw Organic Honey\" \/>\n<meta property=\"og:description\" content=\"Raglan Raw Organic Honey - Odkryj zdrowie i smak zamkni\u0119ty w s\u0142oiczkach. Spr\u00f3buj natury w wersji 400g, 500g i a\u017c 950g. Zasmakuj si\u0119 w miodach 100% z Polski.\" \/>\n<meta property=\"og:url\" content=\"https:\/\/raglan.pl\/produkt\/miod-wrzosowy-400g\/\" \/>\n<meta property=\"og:site_name\" content=\"Raglan Raw Organic Honey\" \/>\n<meta property=\"article:publisher\" content=\"https:\/\/www.facebook.com\/raglanmiodypolskie\/\" \/>\n<meta property=\"article:modified_time\" content=\"2025-10-05T08:28:09+00:00\" \/>\n<meta property=\"og:image\" content=\"https:\/\/raglan.pl\/wp-content\/uploads\/2019\/10\/miod-wrzosowy400y-raglan.jpg\" \/>\n\t<meta property=\"og:image:width\" content=\"1000\" \/>\n\t<meta property=\"og:image:height\" content=\"1000\" \/>\n\t<meta property=\"og:image:type\" content=\"image\/jpeg\" \/>\n<meta name=\"twitter:card\" content=\"summary_large_image\" \/>\n<script type=\"application\/ld+json\" class=\"yoast-schema-graph\">{\"@context\":\"https:\/\/schema.org\",\"@graph\":[{\"@type\":\"WebPage\",\"@id\":\"https:\/\/raglan.pl\/produkt\/miod-wrzosowy-400g\/\",\"url\":\"https:\/\/raglan.pl\/produkt\/miod-wrzosowy-400g\/\",\"name\":\"Heather Honey 400g - Raglan Raw Organic Honey\",\"isPartOf\":{\"@id\":\"https:\/\/raglan.pl\/#website\"},\"datePublished\":\"2019-10-07T20:20:52+00:00\",\"dateModified\":\"2025-10-05T08:28:09+00:00\",\"description\":\"Raglan Raw Organic Honey - Odkryj zdrowie i smak zamkni\u0119ty w s\u0142oiczkach. Spr\u00f3buj natury w wersji 400g, 500g i a\u017c 950g. Zasmakuj si\u0119 w miodach 100% z Polski.\",\"breadcrumb\":{\"@id\":\"https:\/\/raglan.pl\/produkt\/miod-wrzosowy-400g\/#breadcrumb\"},\"inLanguage\":\"en-US\",\"potentialAction\":[{\"@type\":\"ReadAction\",\"target\":[\"https:\/\/raglan.pl\/produkt\/miod-wrzosowy-400g\/\"]}]},{\"@type\":\"BreadcrumbList\",\"@id\":\"https:\/\/raglan.pl\/produkt\/miod-wrzosowy-400g\/#breadcrumb\",\"itemListElement\":[{\"@type\":\"ListItem\",\"position\":1,\"name\":\"Strona g\u0142\u00f3wna\",\"item\":\"https:\/\/raglan.pl\/en\/\"},{\"@type\":\"ListItem\",\"position\":2,\"name\":\"Shop\",\"item\":\"https:\/\/raglan.pl\/en\/shop\/\"},{\"@type\":\"ListItem\",\"position\":3,\"name\":\"Heather Honey 400g\"}]},{\"@type\":\"WebSite\",\"@id\":\"https:\/\/raglan.pl\/#website\",\"url\":\"https:\/\/raglan.pl\/\",\"name\":\"Raglan Raw Organic Honey\",\"description\":\"\",\"publisher\":{\"@id\":\"https:\/\/raglan.pl\/#organization\"},\"potentialAction\":[{\"@type\":\"SearchAction\",\"target\":{\"@type\":\"EntryPoint\",\"urlTemplate\":\"https:\/\/raglan.pl\/?s={search_term_string}\"},\"query-input\":\"required name=search_term_string\"}],\"inLanguage\":\"en-US\"},{\"@type\":\"Organization\",\"@id\":\"https:\/\/raglan.pl\/#organization\",\"name\":\"Raglan\",\"url\":\"https:\/\/raglan.pl\/\",\"logo\":{\"@type\":\"ImageObject\",\"inLanguage\":\"en-US\",\"@id\":\"https:\/\/raglan.pl\/#\/schema\/logo\/image\/\",\"url\":\"https:\/\/raglan.pl\/wp-content\/uploads\/2021\/02\/raglan.png\",\"contentUrl\":\"https:\/\/raglan.pl\/wp-content\/uploads\/2021\/02\/raglan.png\",\"width\":135,\"height\":200,\"caption\":\"Raglan\"},\"image\":{\"@id\":\"https:\/\/raglan.pl\/#\/schema\/logo\/image\/\"},\"sameAs\":[\"https:\/\/www.facebook.com\/raglanmiodypolskie\/\",\"https:\/\/www.instagram.com\/raglanmiodypolskie\"]}]}<\/script>\n<!-- \/ Yoast SEO plugin. -->","yoast_head_json":{"title":"Heather Honey 400g - Raglan Raw Organic Honey","description":"Raglan Raw Organic Honey - Odkryj zdrowie i smak zamkni\u0119ty w s\u0142oiczkach. Spr\u00f3buj natury w wersji 400g, 500g i a\u017c 950g. Zasmakuj si\u0119 w miodach 100% z Polski.","robots":{"index":"index","follow":"follow","max-snippet":"max-snippet:-1","max-image-preview":"max-image-preview:large","max-video-preview":"max-video-preview:-1"},"canonical":"https:\/\/raglan.pl\/produkt\/miod-wrzosowy-400g\/","og_locale":"en_US","og_type":"article","og_title":"Heather Honey 400g - Raglan Raw Organic Honey","og_description":"Raglan Raw Organic Honey - Odkryj zdrowie i smak zamkni\u0119ty w s\u0142oiczkach. Spr\u00f3buj natury w wersji 400g, 500g i a\u017c 950g. Zasmakuj si\u0119 w miodach 100% z Polski.","og_url":"https:\/\/raglan.pl\/produkt\/miod-wrzosowy-400g\/","og_site_name":"Raglan Raw Organic Honey","article_publisher":"https:\/\/www.facebook.com\/raglanmiodypolskie\/","article_modified_time":"2025-10-05T08:28:09+00:00","og_image":[{"width":1000,"height":1000,"url":"https:\/\/raglan.pl\/wp-content\/uploads\/2019\/10\/miod-wrzosowy400y-raglan.jpg","type":"image\/jpeg"}],"twitter_card":"summary_large_image","schema":{"@context":"https:\/\/schema.org","@graph":[{"@type":"WebPage","@id":"https:\/\/raglan.pl\/produkt\/miod-wrzosowy-400g\/","url":"https:\/\/raglan.pl\/produkt\/miod-wrzosowy-400g\/","name":"Heather Honey 400g - Raglan Raw Organic Honey","isPartOf":{"@id":"https:\/\/raglan.pl\/#website"},"datePublished":"2019-10-07T20:20:52+00:00","dateModified":"2025-10-05T08:28:09+00:00","description":"Raglan Raw Organic Honey - Odkryj zdrowie i smak zamkni\u0119ty w s\u0142oiczkach. Spr\u00f3buj natury w wersji 400g, 500g i a\u017c 950g. Zasmakuj si\u0119 w miodach 100% z Polski.","breadcrumb":{"@id":"https:\/\/raglan.pl\/produkt\/miod-wrzosowy-400g\/#breadcrumb"},"inLanguage":"en-US","potentialAction":[{"@type":"ReadAction","target":["https:\/\/raglan.pl\/produkt\/miod-wrzosowy-400g\/"]}]},{"@type":"BreadcrumbList","@id":"https:\/\/raglan.pl\/produkt\/miod-wrzosowy-400g\/#breadcrumb","itemListElement":[{"@type":"ListItem","position":1,"name":"Strona g\u0142\u00f3wna","item":"https:\/\/raglan.pl\/en\/"},{"@type":"ListItem","position":2,"name":"Shop","item":"https:\/\/raglan.pl\/en\/shop\/"},{"@type":"ListItem","position":3,"name":"Heather Honey 400g"}]},{"@type":"WebSite","@id":"https:\/\/raglan.pl\/#website","url":"https:\/\/raglan.pl\/","name":"Raglan Raw Organic Honey","description":"","publisher":{"@id":"https:\/\/raglan.pl\/#organization"},"potentialAction":[{"@type":"SearchAction","target":{"@type":"EntryPoint","urlTemplate":"https:\/\/raglan.pl\/?s={search_term_string}"},"query-input":"required name=search_term_string"}],"inLanguage":"en-US"},{"@type":"Organization","@id":"https:\/\/raglan.pl\/#organization","name":"Raglan","url":"https:\/\/raglan.pl\/","logo":{"@type":"ImageObject","inLanguage":"en-US","@id":"https:\/\/raglan.pl\/#\/schema\/logo\/image\/","url":"https:\/\/raglan.pl\/wp-content\/uploads\/2021\/02\/raglan.png","contentUrl":"https:\/\/raglan.pl\/wp-content\/uploads\/2021\/02\/raglan.png","width":135,"height":200,"caption":"Raglan"},"image":{"@id":"https:\/\/raglan.pl\/#\/schema\/logo\/image\/"},"sameAs":["https:\/\/www.facebook.com\/raglanmiodypolskie\/","https:\/\/www.instagram.com\/raglanmiodypolskie"]}]}},"_links":{"self":[{"href":"https:\/\/raglan.pl\/en\/wp-json\/wp\/v2\/product\/5820"}],"collection":[{"href":"https:\/\/raglan.pl\/en\/wp-json\/wp\/v2\/product"}],"about":[{"href":"https:\/\/raglan.pl\/en\/wp-json\/wp\/v2\/types\/product"}],"replies":[{"embeddable":true,"href":"https:\/\/raglan.pl\/en\/wp-json\/wp\/v2\/comments?post=5820"}],"wp:featuredmedia":[{"embeddable":true,"href":"https:\/\/raglan.pl\/en\/wp-json\/wp\/v2\/media\/5854"}],"wp:attachment":[{"href":"https:\/\/raglan.pl\/en\/wp-json\/wp\/v2\/media?parent=5820"}],"wp:term":[{"taxonomy":"product_cat","embeddable":true,"href":"https:\/\/raglan.pl\/en\/wp-json\/wp\/v2\/product_cat?post=5820"},{"taxonomy":"product_tag","embeddable":true,"href":"https:\/\/raglan.pl\/en\/wp-json\/wp\/v2\/product_tag?post=5820"}],"curies":[{"name":"wp","href":"https:\/\/api.w.org\/{rel}","templated":true}]}}