{"id":7290,"date":"2018-07-05T11:12:10","date_gmt":"2018-07-05T09:12:10","guid":{"rendered":"https:\/\/raglan.pl\/filozofia\/"},"modified":"2021-04-13T11:30:40","modified_gmt":"2021-04-13T09:30:40","slug":"philosophie","status":"publish","type":"page","link":"https:\/\/raglan.pl\/de\/philosophie\/","title":{"rendered":"Philosophie"},"content":{"rendered":"<div class=\"wpb-content-wrapper\"><p>[vc_row content_placement=&#8220;middle&#8220; css_animation=&#8220;none&#8220; css=&#8220;.vc_custom_1530794071394{margin-top: 45px !important;margin-bottom: 0px !important;}&#8220;][vc_column reveal_effect=&#8220;fadeIn&#8220; reveal_duration=&#8220;0.7&#8243; reveal_delay=&#8220;0.2&#8243;][lab_heading title_tag=&#8220;H1&#8243; title=&#8220;Honig \u2013 das Ergebnis unserer Arbeit mit Bienen&#8220;][\/lab_heading][\/vc_column][\/vc_row][vc_row content_placement=&#8220;top&#8220; css_animation=&#8220;fadeIn&#8220;][vc_column width=&#8220;1\/3&#8243; reveal_effect=&#8220;fadeIn&#8220; reveal_duration=&#8220;0.7&#8243; reveal_delay=&#8220;0.2&#8243;][vc_single_image image=&#8220;4340&#8243; img_size=&#8220;150&#215;150&#8243; css=&#8220;.vc_custom_1530792459692{margin-bottom: -40px !important;}&#8220;][lab_heading title_tag=&#8220;H3&#8243; title=&#8220;Natur&#8220; el_class=&#8220;justify&#8220;]Unsere Bienenh\u00e4user stehen m\u00f6glichst lang an festen Orten. Wenn wir mit unseren Bienenst\u00f6cken wandern, d.h. das Verstellen unserer V\u00f6lker an einen anderen Standort, \u00fcberpr\u00fcfen wir Monate im Voraus, ob der ausgew\u00e4hlte Ort ausreichend Tracht bietet. Der Nutzen der Wanderung besteht darin, einen reinen Sortenhonig (z.B. Raps-, Heide- oder Waldhonig) zu gewinnen. Den gr\u00f6\u00dften Teil des Jahres befinden sich unsere Bienenh\u00e4user in der N\u00e4he von W\u00e4ldern, Wiesen, wilden Str\u00e4uchern oder in der N\u00e4he von Fl\u00fcssen, weit weg vom Trubel der Stadt. [\/lab_heading][\/vc_column][vc_column width=&#8220;1\/3&#8243;][vc_single_image image=&#8220;4344&#8243; img_size=&#8220;150&#215;150&#8243; css=&#8220;.vc_custom_1530792491042{margin-bottom: -40px !important;}&#8220;][lab_heading title_tag=&#8220;H3&#8243; title=&#8220;Gesundheit&#8220; el_class=&#8220;justify&#8220;]Gesundheit und Sicherheit bedeuten vor allem saubere Luft. Jedes Mal, wenn wir einen Ort f\u00fcr die entsprechende Tracht ausw\u00e4hlen, \u00fcberpr\u00fcfen wir, ob unsere Bienenh\u00e4user nicht Herbiziden oder chemischen Spritzmitteln ausgesetzt sind. Wenn wir uns f\u00fcr die landwirtschaftliche Tracht entscheiden, geschieht dies immer nach einer detaillierten Analyse der Landschaft und ihrer F\u00fchrung. Landwirte sind zu diesem Thema gut geschult. [\/lab_heading][\/vc_column][vc_column width=&#8220;1\/3&#8243;][vc_single_image image=&#8220;4492&#8243; img_size=&#8220;150&#215;150&#8243; css=&#8220;.vc_custom_1530792367584{margin-bottom: -40px !important;}&#8220;][lab_heading title_tag=&#8220;H3&#8243; title=&#8220;Bienenv\u00f6lker&#8220; el_class=&#8220;justify&#8220;]Wir f\u00fchren regelm\u00e4\u00dfige Inspektionen unserer einzelnen Bienenv\u00f6lker mit \u00e4u\u00dferster Sorgfalt und Respekt durch. Wir beachten den Wabenkreislauf und die besondere Hygiene: Auf den verschiedenen Waben findet die Erneuerung und der Fortbestand des Lebens eines Bienenvolkes statt, deshalb \u00fcberpr\u00fcfen wir sorgf\u00e4ltig seine Gesundheit und Vitalit\u00e4t. Dieser Prozess hat f\u00fcr uns h\u00f6chste Priorit\u00e4t. Bienenprodukte wie Gel\u00e9e Royale, Propolis, Bienengift und Bl\u00fctenpollen\/Bienenbrot belassen wir im Bienenvolk. Diese Produkte st\u00e4rken die Immunit\u00e4t der Bienen und erm\u00f6glichen es ihnen, starke und gesunde Generationen aufzuziehen.[\/lab_heading][\/vc_column][\/vc_row][vc_row content_placement=&#8220;top&#8220; css_animation=&#8220;fadeIn&#8220;][vc_column width=&#8220;1\/3&#8243; reveal_effect=&#8220;fadeIn&#8220; reveal_duration=&#8220;0.7&#8243; reveal_delay=&#8220;0.2&#8243;][vc_single_image image=&#8220;4345&#8243; img_size=&#8220;150&#215;150&#8243; css=&#8220;.vc_custom_1530886142794{margin-bottom: -40px !important;}&#8220;][lab_heading title_tag=&#8220;H3&#8243; title=&#8220;Respekt &#8220; el_class=&#8220;justify&#8220;]Wir behandeln unsere Bienen jederzeit mit gr\u00f6\u00dftem Respekt, sowohl bei Inspektionen als auch beim der Verstellen an einen neuen Ort. Unser Ziel ist es, ein stressfreies Umfeld f\u00fcr die Bienen zu schaffen.[\/lab_heading][\/vc_column][vc_column width=&#8220;1\/3&#8243;][vc_single_image image=&#8220;4491&#8243; img_size=&#8220;150&#215;150&#8243; css=&#8220;.vc_custom_1530792396731{margin-bottom: -40px !important;}&#8220;][lab_heading title_tag=&#8220;H3&#8243; title=&#8220;Einf\u00fctterung der Bienen&#8220; el_class=&#8220;justify&#8220;]Wir belassen immer ein Minimum von 15 Kilogramm Honig in einem Bienenstock sowie ausreichende Mengen an Pollen, Bienenbrot, Gel\u00e9e Royale und Propolis. Wir glauben, dass diese F\u00fclle an Bienenfutter die Gesundheit der Bienen, eine stabile \u00dcberwinterung und eine stressfreie Umgebung der Bienenkolonie garantiert. [\/lab_heading][\/vc_column][vc_column width=&#8220;1\/3&#8243;][vc_single_image image=&#8220;5164&#8243; img_size=&#8220;150&#215;150&#8243; css=&#8220;.vc_custom_1541013808161{margin-bottom: -40px !important;}&#8220;][lab_heading title_tag=&#8220;H3&#8243; title=&#8220;Klotzbeute&#8220; el_class=&#8220;justify&#8220;]Hierbei wurden Teile von Baumst\u00e4mmen ausgeh\u00f6hlt und als Bienenstock verwendet. Als die ersten geflochtenen Bienenk\u00f6rbe eingesetzt wurden, entwickelte sich die Imkerei weiter bis in die heutige Zeit. Wir bem\u00fchen uns, den Bienen eine nat\u00fcrliche Umgebung zu bieten, die so nah wie m\u00f6glich der urspr\u00fcnglichen Bienenhaltung in der Klotzbeute entspricht. Beim Bau unserer Bienenst\u00f6cke verwenden wir kein Polystyrol, Styropor, Farben oder andere Materialien, die die Bienen sch\u00e4digen k\u00f6nnten. 99% unserer Bienenst\u00f6cke bestehen aus Kiefernholz.[\/lab_heading][\/vc_column][\/vc_row][vc_row full_width=&#8220;stretch_row_content&#8220; content_placement=&#8220;middle&#8220; css_animation=&#8220;fadeIn&#8220; css=&#8220;.vc_custom_1533840370166{margin-top: 20px !important;padding-top: 40px !important;padding-bottom: 40px !important;background: #282828 url(http:\/\/raglan.pl\/wp-content\/uploads\/2018\/08\/filozofia-tlo-1.jpg?id=4700) !important;background-position: center !important;background-repeat: no-repeat !important;background-size: cover !important;}&#8220;][vc_column reveal_effect=&#8220;fadeIn&#8220; reveal_duration=&#8220;0.7&#8243; reveal_delay=&#8220;0.2&#8243;][vc_single_image image=&#8220;4699&#8243; img_size=&#8220;large&#8220; alignment=&#8220;center&#8220;][\/vc_column][\/vc_row]<\/p>\n<\/div>","protected":false},"excerpt":{"rendered":"<p>[vc_row content_placement=&#8220;middle&#8220; css_animation=&#8220;none&#8220; css=&#8220;.vc_custom_1530794071394{margin-top: 45px !important;margin-bottom: 0px !important;}&#8220;][vc_column reveal_effect=&#8220;fadeIn&#8220; reveal_duration=&#8220;0.7&#8243; reveal_delay=&#8220;0.2&#8243;][lab_heading title_tag=&#8220;H1&#8243; title=&#8220;Honig \u2013 das Ergebnis unserer Arbeit mit Bienen&#8220;][\/lab_heading][\/vc_column][\/vc_row][vc_row content_placement=&#8220;top&#8220; css_animation=&#8220;fadeIn&#8220;][vc_column width=&#8220;1\/3&#8243; reveal_effect=&#8220;fadeIn&#8220; reveal_duration=&#8220;0.7&#8243; reveal_delay=&#8220;0.2&#8243;][vc_single_image image=&#8220;4340&#8243; img_size=&#8220;150&#215;150&#8243; css=&#8220;.vc_custom_1530792459692{margin-bottom: -40px !important;}&#8220;][lab_heading title_tag=&#8220;H3&#8243; title=&#8220;Natur&#8220; el_class=&#8220;justify&#8220;]Unsere Bienenh\u00e4user stehen m\u00f6glichst lang an festen Orten. Wenn wir mit unseren Bienenst\u00f6cken wandern, d.h. das Verstellen unserer V\u00f6lker an einen anderen&hellip;<\/p>\n","protected":false},"author":1,"featured_media":0,"parent":0,"menu_order":0,"comment_status":"open","ping_status":"open","template":"","meta":{"footnotes":""},"acf":[],"yoast_head":"<!-- This site is optimized with the Yoast SEO plugin v21.7 - https:\/\/yoast.com\/wordpress\/plugins\/seo\/ -->\n<title>Nasza filozofia \u2013 polskie miody idelane na prezent \u2013 Raglan<\/title>\n<meta name=\"description\" content=\"Raglan Roher Bio-Honig - Raglan 100% Polskie miody premium. Odkryj zdrowie i smak zamkni\u0119ty w s\u0142oiczkach. Spr\u00f3buj natury.\" \/>\n<meta name=\"robots\" content=\"index, follow, max-snippet:-1, max-image-preview:large, max-video-preview:-1\" \/>\n<link rel=\"canonical\" href=\"https:\/\/raglan.pl\/de\/philosophie\/\" \/>\n<meta property=\"og:locale\" content=\"de_DE\" \/>\n<meta property=\"og:type\" content=\"article\" \/>\n<meta property=\"og:title\" content=\"Nasza filozofia \u2013 polskie miody idelane na prezent \u2013 Raglan\" \/>\n<meta property=\"og:description\" content=\"Raglan Roher Bio-Honig - Raglan 100% Polskie miody premium. Odkryj zdrowie i smak zamkni\u0119ty w s\u0142oiczkach. Spr\u00f3buj natury.\" \/>\n<meta property=\"og:url\" content=\"https:\/\/raglan.pl\/de\/philosophie\/\" \/>\n<meta property=\"og:site_name\" content=\"Raglan Roher Bio-Honig\" \/>\n<meta property=\"article:publisher\" content=\"https:\/\/www.facebook.com\/raglanmiodypolskie\/\" \/>\n<meta property=\"article:modified_time\" content=\"2021-04-13T09:30:40+00:00\" \/>\n<meta name=\"twitter:card\" content=\"summary_large_image\" \/>\n<meta name=\"twitter:label1\" content=\"Gesch\u00e4tzte Lesezeit\" \/>\n\t<meta name=\"twitter:data1\" content=\"3\u00a0Minuten\" \/>\n<script type=\"application\/ld+json\" class=\"yoast-schema-graph\">{\"@context\":\"https:\/\/schema.org\",\"@graph\":[{\"@type\":\"WebPage\",\"@id\":\"https:\/\/raglan.pl\/de\/philosophie\/\",\"url\":\"https:\/\/raglan.pl\/de\/philosophie\/\",\"name\":\"Nasza filozofia \u2013 polskie miody idelane na prezent \u2013 Raglan\",\"isPartOf\":{\"@id\":\"https:\/\/raglan.pl\/#website\"},\"datePublished\":\"2018-07-05T09:12:10+00:00\",\"dateModified\":\"2021-04-13T09:30:40+00:00\",\"description\":\"Raglan Roher Bio-Honig - Raglan 100% Polskie miody premium. Odkryj zdrowie i smak zamkni\u0119ty w s\u0142oiczkach. Spr\u00f3buj natury.\",\"breadcrumb\":{\"@id\":\"https:\/\/raglan.pl\/de\/philosophie\/#breadcrumb\"},\"inLanguage\":\"de\",\"potentialAction\":[{\"@type\":\"ReadAction\",\"target\":[\"https:\/\/raglan.pl\/de\/philosophie\/\"]}]},{\"@type\":\"BreadcrumbList\",\"@id\":\"https:\/\/raglan.pl\/de\/philosophie\/#breadcrumb\",\"itemListElement\":[{\"@type\":\"ListItem\",\"position\":1,\"name\":\"Strona g\u0142\u00f3wna\",\"item\":\"https:\/\/raglan.pl\/de\/\"},{\"@type\":\"ListItem\",\"position\":2,\"name\":\"Philosophie\"}]},{\"@type\":\"WebSite\",\"@id\":\"https:\/\/raglan.pl\/#website\",\"url\":\"https:\/\/raglan.pl\/\",\"name\":\"Raglan Raw Organic Honey\",\"description\":\"\",\"publisher\":{\"@id\":\"https:\/\/raglan.pl\/#organization\"},\"potentialAction\":[{\"@type\":\"SearchAction\",\"target\":{\"@type\":\"EntryPoint\",\"urlTemplate\":\"https:\/\/raglan.pl\/?s={search_term_string}\"},\"query-input\":\"required name=search_term_string\"}],\"inLanguage\":\"de\"},{\"@type\":\"Organization\",\"@id\":\"https:\/\/raglan.pl\/#organization\",\"name\":\"Raglan\",\"url\":\"https:\/\/raglan.pl\/\",\"logo\":{\"@type\":\"ImageObject\",\"inLanguage\":\"de\",\"@id\":\"https:\/\/raglan.pl\/#\/schema\/logo\/image\/\",\"url\":\"https:\/\/raglan.pl\/wp-content\/uploads\/2021\/02\/raglan.png\",\"contentUrl\":\"https:\/\/raglan.pl\/wp-content\/uploads\/2021\/02\/raglan.png\",\"width\":135,\"height\":200,\"caption\":\"Raglan\"},\"image\":{\"@id\":\"https:\/\/raglan.pl\/#\/schema\/logo\/image\/\"},\"sameAs\":[\"https:\/\/www.facebook.com\/raglanmiodypolskie\/\",\"https:\/\/www.instagram.com\/raglanmiodypolskie\"]}]}<\/script>\n<!-- \/ Yoast SEO plugin. -->","yoast_head_json":{"title":"Nasza filozofia \u2013 polskie miody idelane na prezent \u2013 Raglan","description":"Raglan Roher Bio-Honig - Raglan 100% Polskie miody premium. Odkryj zdrowie i smak zamkni\u0119ty w s\u0142oiczkach. Spr\u00f3buj natury.","robots":{"index":"index","follow":"follow","max-snippet":"max-snippet:-1","max-image-preview":"max-image-preview:large","max-video-preview":"max-video-preview:-1"},"canonical":"https:\/\/raglan.pl\/de\/philosophie\/","og_locale":"de_DE","og_type":"article","og_title":"Nasza filozofia \u2013 polskie miody idelane na prezent \u2013 Raglan","og_description":"Raglan Roher Bio-Honig - Raglan 100% Polskie miody premium. Odkryj zdrowie i smak zamkni\u0119ty w s\u0142oiczkach. Spr\u00f3buj natury.","og_url":"https:\/\/raglan.pl\/de\/philosophie\/","og_site_name":"Raglan Roher Bio-Honig","article_publisher":"https:\/\/www.facebook.com\/raglanmiodypolskie\/","article_modified_time":"2021-04-13T09:30:40+00:00","twitter_card":"summary_large_image","twitter_misc":{"Gesch\u00e4tzte Lesezeit":"3\u00a0Minuten"},"schema":{"@context":"https:\/\/schema.org","@graph":[{"@type":"WebPage","@id":"https:\/\/raglan.pl\/de\/philosophie\/","url":"https:\/\/raglan.pl\/de\/philosophie\/","name":"Nasza filozofia \u2013 polskie miody idelane na prezent \u2013 Raglan","isPartOf":{"@id":"https:\/\/raglan.pl\/#website"},"datePublished":"2018-07-05T09:12:10+00:00","dateModified":"2021-04-13T09:30:40+00:00","description":"Raglan Roher Bio-Honig - Raglan 100% Polskie miody premium. Odkryj zdrowie i smak zamkni\u0119ty w s\u0142oiczkach. Spr\u00f3buj natury.","breadcrumb":{"@id":"https:\/\/raglan.pl\/de\/philosophie\/#breadcrumb"},"inLanguage":"de","potentialAction":[{"@type":"ReadAction","target":["https:\/\/raglan.pl\/de\/philosophie\/"]}]},{"@type":"BreadcrumbList","@id":"https:\/\/raglan.pl\/de\/philosophie\/#breadcrumb","itemListElement":[{"@type":"ListItem","position":1,"name":"Strona g\u0142\u00f3wna","item":"https:\/\/raglan.pl\/de\/"},{"@type":"ListItem","position":2,"name":"Philosophie"}]},{"@type":"WebSite","@id":"https:\/\/raglan.pl\/#website","url":"https:\/\/raglan.pl\/","name":"Raglan Raw Organic Honey","description":"","publisher":{"@id":"https:\/\/raglan.pl\/#organization"},"potentialAction":[{"@type":"SearchAction","target":{"@type":"EntryPoint","urlTemplate":"https:\/\/raglan.pl\/?s={search_term_string}"},"query-input":"required name=search_term_string"}],"inLanguage":"de"},{"@type":"Organization","@id":"https:\/\/raglan.pl\/#organization","name":"Raglan","url":"https:\/\/raglan.pl\/","logo":{"@type":"ImageObject","inLanguage":"de","@id":"https:\/\/raglan.pl\/#\/schema\/logo\/image\/","url":"https:\/\/raglan.pl\/wp-content\/uploads\/2021\/02\/raglan.png","contentUrl":"https:\/\/raglan.pl\/wp-content\/uploads\/2021\/02\/raglan.png","width":135,"height":200,"caption":"Raglan"},"image":{"@id":"https:\/\/raglan.pl\/#\/schema\/logo\/image\/"},"sameAs":["https:\/\/www.facebook.com\/raglanmiodypolskie\/","https:\/\/www.instagram.com\/raglanmiodypolskie"]}]}},"_links":{"self":[{"href":"https:\/\/raglan.pl\/de\/wp-json\/wp\/v2\/pages\/7290"}],"collection":[{"href":"https:\/\/raglan.pl\/de\/wp-json\/wp\/v2\/pages"}],"about":[{"href":"https:\/\/raglan.pl\/de\/wp-json\/wp\/v2\/types\/page"}],"author":[{"embeddable":true,"href":"https:\/\/raglan.pl\/de\/wp-json\/wp\/v2\/users\/1"}],"replies":[{"embeddable":true,"href":"https:\/\/raglan.pl\/de\/wp-json\/wp\/v2\/comments?post=7290"}],"version-history":[{"count":0,"href":"https:\/\/raglan.pl\/de\/wp-json\/wp\/v2\/pages\/7290\/revisions"}],"wp:attachment":[{"href":"https:\/\/raglan.pl\/de\/wp-json\/wp\/v2\/media?parent=7290"}],"curies":[{"name":"wp","href":"https:\/\/api.w.org\/{rel}","templated":true}]}}